{"id":4979,"date":"2023-06-13T19:42:08","date_gmt":"2023-06-13T19:42:08","guid":{"rendered":"https:\/\/puracolombia.com\/refund_returns\/"},"modified":"2025-12-29T16:03:29","modified_gmt":"2025-12-29T16:03:29","slug":"ruckerstattung_ruckgaben","status":"publish","type":"page","link":"https:\/\/puracolombia.com\/de\/ruckerstattung_ruckgaben\/","title":{"rendered":"Erstattungs- und R\u00fcckgabebestimmungen"},"content":{"rendered":"\n<p><\/p>\n\n\n\n<h2 class=\"wp-block-heading\"><strong>Stornierungsbedingungen<\/strong><\/h2>\n\n\n\n<p>Stornierungen m\u00fcssen per E-Mail erfolgen. Ma\u00dfgeblich f\u00fcr die Berechnung der Stornierungsgeb\u00fchren ist der Eingang der E-Mail bei PURA COLOMBIA MINDFUL TRAVEL.<\/p>\n\n\n\n<p>Bei Stornierung der Anmeldung durch den Kunden fallen Stornierungsgeb\u00fchren gem\u00e4\u00df den folgenden Bedingungen an:<\/p>\n\n\n\n<h3 class=\"wp-block-heading\"><strong>Reisedienstleistungen<\/strong><\/h3>\n\n\n\n<ul class=\"wp-block-list\">\n<li>Mehr als 21 Tage vor Aufenthaltsbeginn: 30 % des Gesamtbetrags der Reiserechnung<\/li>\n\n\n\n<li>Von 21 bis 8 Tagen vor Aufenthaltsbeginn: 50 % des Gesamtbetrags der Reiserechnung<\/li>\n\n\n\n<li>Weniger als 8 Tage vor Aufenthaltsbeginn: 100 % des Gesamtbetrags der Reiserechnung<\/li>\n<\/ul>\n\n\n\n<p>Sollten unsere Anbieter besondere Stornierungsbedingungen haben, werden diese in der Buchungsbest\u00e4tigung aufgef\u00fchrt und gem\u00e4\u00df den Richtlinien des Anbieters strikt angewendet.<\/p>\n\n\n\n<p>F\u00fcr Gruppen gelten gegebenenfalls besondere Stornierungsbedingungen, die bei der Angebotserstellung oder Best\u00e4tigung mitgeteilt werden.<\/p>\n\n\n\n<p>In der Hochsaison sowie f\u00fcr bestimmte Hotels und Dienstleistungen gelten in manchen Hotels m\u00f6glicherweise besondere Stornierungsbedingungen, die bei der Best\u00e4tigung mitgeteilt werden.<\/p>\n\n\n\n<h3 class=\"wp-block-heading\"><strong>Inlandsfl\u00fcge<\/strong><\/h3>\n\n\n\n<p>Flugtickets, die nach der Buchung der Reise ausgestellt wurden, sind nicht erstattungsf\u00e4hig und werden im Falle einer Stornierung zus\u00e4tzlich zu den Bodenleistungen in Rechnung gestellt.<\/p>\n\n\n\n<p>Im Falle einer Stornierung ist unabh\u00e4ngig vom Datum keine R\u00fcckerstattung m\u00f6glich. Bei einer Namens\u00e4nderung wird eine Geb\u00fchr von 50 USD pro Person erhoben.<\/p>\n\n\n\n<p><strong>R\u00fcckerstattungsbedingungen<\/strong><\/p>\n\n\n\n<p>Die Kosten f\u00fcr Banktransaktionen im Falle einer R\u00fcckerstattung tr\u00e4gt der Kunde. Die R\u00fcckerstattung erfolgt innerhalb von 30 Tagen nach der Stornierung auf das Bankkonto des Kunden.<\/p>\n","protected":false},"excerpt":{"rendered":"<p>Stornierungsbedingungen Stornierungen m\u00fcssen per E-Mail erfolgen. Ma\u00dfgeblich f\u00fcr die Berechnung der Stornierungsgeb\u00fchren ist der Eingang der E-Mail bei PURA COLOMBIA MINDFUL TRAVEL. Bei Stornierung der Anmeldung durch den Kunden fallen Stornierungsgeb\u00fchren gem\u00e4\u00df den folgenden Bedingungen an: Reisedienstleistungen Sollten unsere Anbieter besondere Stornierungsbedingungen haben, werden diese in der Buchungsbest\u00e4tigung aufgef\u00fchrt und gem\u00e4\u00df den Richtlinien des Anbieters [&hellip;]<\/p>\n","protected":false},"author":1,"featured_media":0,"parent":0,"menu_order":0,"comment_status":"closed","ping_status":"closed","template":"","meta":{"_joinchat":[],"footnotes":""},"class_list":["post-4979","page","type-page","status-publish","hentry"],"featured_image_src":null,"yoast_head":"<!-- This site is optimized with the Yoast SEO plugin v27.6 - https:\/\/yoast.com\/product\/yoast-seo-wordpress\/ -->\n<title>Erstattungs- und R\u00fcckgabebestimmungen - Pura Colombia<\/title>\n<meta name=\"robots\" content=\"index, follow, max-snippet:-1, max-image-preview:large, max-video-preview:-1\" \/>\n<link rel=\"canonical\" href=\"https:\/\/puracolombia.com\/refund_returns\/\" \/>\n<meta property=\"og:locale\" content=\"de_DE\" \/>\n<meta property=\"og:type\" content=\"article\" \/>\n<meta property=\"og:title\" content=\"Erstattungs- und R\u00fcckgabebestimmungen - Pura Colombia\" \/>\n<meta property=\"og:description\" content=\"Stornierungsbedingungen Stornierungen m\u00fcssen per E-Mail erfolgen. Ma\u00dfgeblich f\u00fcr die Berechnung der Stornierungsgeb\u00fchren ist der Eingang der E-Mail bei PURA COLOMBIA MINDFUL TRAVEL. Bei Stornierung der Anmeldung durch den Kunden fallen Stornierungsgeb\u00fchren gem\u00e4\u00df den folgenden Bedingungen an: Reisedienstleistungen Sollten unsere Anbieter besondere Stornierungsbedingungen haben, werden diese in der Buchungsbest\u00e4tigung aufgef\u00fchrt und gem\u00e4\u00df den Richtlinien des Anbieters [&hellip;]\" \/>\n<meta property=\"og:url\" content=\"https:\/\/puracolombia.com\/refund_returns\/\" \/>\n<meta property=\"og:site_name\" content=\"Pura Colombia\" \/>\n<meta property=\"article:modified_time\" content=\"2025-12-29T16:03:29+00:00\" \/>\n<meta name=\"twitter:card\" content=\"summary_large_image\" \/>\n<meta name=\"twitter:label1\" content=\"Gesch\u00e4tzte Lesezeit\" \/>\n\t<meta name=\"twitter:data1\" content=\"1\u00a0Minute\" \/>\n<script type=\"application\/ld+json\" class=\"yoast-schema-graph\">{\"@context\":\"https:\\\/\\\/schema.org\",\"@graph\":[{\"@type\":\"WebPage\",\"@id\":\"https:\\\/\\\/puracolombia.com\\\/refund_returns\\\/\",\"url\":\"https:\\\/\\\/puracolombia.com\\\/refund_returns\\\/\",\"name\":\"Erstattungs- und R\u00fcckgabebestimmungen - Pura Colombia\",\"isPartOf\":{\"@id\":\"https:\\\/\\\/puracolombia.com\\\/#website\"},\"datePublished\":\"2023-06-13T19:42:08+00:00\",\"dateModified\":\"2025-12-29T16:03:29+00:00\",\"breadcrumb\":{\"@id\":\"https:\\\/\\\/puracolombia.com\\\/refund_returns\\\/#breadcrumb\"},\"inLanguage\":\"de\",\"potentialAction\":[{\"@type\":\"ReadAction\",\"target\":[\"https:\\\/\\\/puracolombia.com\\\/refund_returns\\\/\"]}]},{\"@type\":\"BreadcrumbList\",\"@id\":\"https:\\\/\\\/puracolombia.com\\\/refund_returns\\\/#breadcrumb\",\"itemListElement\":[{\"@type\":\"ListItem\",\"position\":1,\"name\":\"Home\",\"item\":\"https:\\\/\\\/puracolombia.com\\\/de\\\/\"},{\"@type\":\"ListItem\",\"position\":2,\"name\":\"Erstattungs- und R\u00fcckgabebestimmungen\"}]},{\"@type\":\"WebSite\",\"@id\":\"https:\\\/\\\/puracolombia.com\\\/#website\",\"url\":\"https:\\\/\\\/puracolombia.com\\\/\",\"name\":\"Pura Colombia\",\"description\":\"Mindful Travel\",\"publisher\":{\"@id\":\"https:\\\/\\\/puracolombia.com\\\/#organization\"},\"potentialAction\":[{\"@type\":\"SearchAction\",\"target\":{\"@type\":\"EntryPoint\",\"urlTemplate\":\"https:\\\/\\\/puracolombia.com\\\/?s={search_term_string}\"},\"query-input\":{\"@type\":\"PropertyValueSpecification\",\"valueRequired\":true,\"valueName\":\"search_term_string\"}}],\"inLanguage\":\"de\"},{\"@type\":\"Organization\",\"@id\":\"https:\\\/\\\/puracolombia.com\\\/#organization\",\"name\":\"Pura Colombia\",\"url\":\"https:\\\/\\\/puracolombia.com\\\/\",\"logo\":{\"@type\":\"ImageObject\",\"inLanguage\":\"de\",\"@id\":\"https:\\\/\\\/puracolombia.com\\\/#\\\/schema\\\/logo\\\/image\\\/\",\"url\":\"https:\\/\\/puracolombia.com\\/wp-content\\/uploads\\/2021\\/10\\/29228_Pura-Colombia_DP-04-e1635337798461.png\",\"contentUrl\":\"https:\\/\\/puracolombia.com\\/wp-content\\/uploads\\/2021\\/10\\/29228_Pura-Colombia_DP-04-e1635337798461.png\",\"width\":558,\"height\":346,\"caption\":\"Pura Colombia\"},\"image\":{\"@id\":\"https:\\\/\\\/puracolombia.com\\\/#\\\/schema\\\/logo\\\/image\\\/\"}}]}<\/script>\n<!-- \/ Yoast SEO plugin. -->","yoast_head_json":{"title":"Erstattungs- und R\u00fcckgabebestimmungen - Pura Colombia","robots":{"index":"index","follow":"follow","max-snippet":"max-snippet:-1","max-image-preview":"max-image-preview:large","max-video-preview":"max-video-preview:-1"},"canonical":"https:\/\/puracolombia.com\/refund_returns\/","og_locale":"de_DE","og_type":"article","og_title":"Erstattungs- und R\u00fcckgabebestimmungen - Pura Colombia","og_description":"Stornierungsbedingungen Stornierungen m\u00fcssen per E-Mail erfolgen. Ma\u00dfgeblich f\u00fcr die Berechnung der Stornierungsgeb\u00fchren ist der Eingang der E-Mail bei PURA COLOMBIA MINDFUL TRAVEL. Bei Stornierung der Anmeldung durch den Kunden fallen Stornierungsgeb\u00fchren gem\u00e4\u00df den folgenden Bedingungen an: Reisedienstleistungen Sollten unsere Anbieter besondere Stornierungsbedingungen haben, werden diese in der Buchungsbest\u00e4tigung aufgef\u00fchrt und gem\u00e4\u00df den Richtlinien des Anbieters [&hellip;]","og_url":"https:\/\/puracolombia.com\/refund_returns\/","og_site_name":"Pura Colombia","article_modified_time":"2025-12-29T16:03:29+00:00","twitter_card":"summary_large_image","twitter_misc":{"Gesch\u00e4tzte Lesezeit":"1\u00a0Minute"},"schema":{"@context":"https:\/\/schema.org","@graph":[{"@type":"WebPage","@id":"https:\/\/puracolombia.com\/refund_returns\/","url":"https:\/\/puracolombia.com\/refund_returns\/","name":"Erstattungs- und R\u00fcckgabebestimmungen - Pura Colombia","isPartOf":{"@id":"https:\/\/puracolombia.com\/#website"},"datePublished":"2023-06-13T19:42:08+00:00","dateModified":"2025-12-29T16:03:29+00:00","breadcrumb":{"@id":"https:\/\/puracolombia.com\/refund_returns\/#breadcrumb"},"inLanguage":"de","potentialAction":[{"@type":"ReadAction","target":["https:\/\/puracolombia.com\/refund_returns\/"]}]},{"@type":"BreadcrumbList","@id":"https:\/\/puracolombia.com\/refund_returns\/#breadcrumb","itemListElement":[{"@type":"ListItem","position":1,"name":"Home","item":"https:\/\/puracolombia.com\/de\/"},{"@type":"ListItem","position":2,"name":"Erstattungs- und R\u00fcckgabebestimmungen"}]},{"@type":"WebSite","@id":"https:\/\/puracolombia.com\/#website","url":"https:\/\/puracolombia.com\/","name":"Pura Colombia","description":"Mindful Travel","publisher":{"@id":"https:\/\/puracolombia.com\/#organization"},"potentialAction":[{"@type":"SearchAction","target":{"@type":"EntryPoint","urlTemplate":"https:\/\/puracolombia.com\/?s={search_term_string}"},"query-input":{"@type":"PropertyValueSpecification","valueRequired":true,"valueName":"search_term_string"}}],"inLanguage":"de"},{"@type":"Organization","@id":"https:\/\/puracolombia.com\/#organization","name":"Pura Colombia","url":"https:\/\/puracolombia.com\/","logo":{"@type":"ImageObject","inLanguage":"de","@id":"https:\/\/puracolombia.com\/#\/schema\/logo\/image\/","url":"https:\/\/mllgu4ztkaxi.i.optimole.com\/w:auto\/h:auto\/q:mauto\/f:best\/https:\/\/puracolombia.com\/wp-content\/uploads\/2021\/10\/29228_Pura-Colombia_DP-04-e1635337798461.png","contentUrl":"https:\/\/mllgu4ztkaxi.i.optimole.com\/w:auto\/h:auto\/q:mauto\/f:best\/https:\/\/puracolombia.com\/wp-content\/uploads\/2021\/10\/29228_Pura-Colombia_DP-04-e1635337798461.png","width":558,"height":346,"caption":"Pura Colombia"},"image":{"@id":"https:\/\/puracolombia.com\/#\/schema\/logo\/image\/"}}]}},"_links":{"self":[{"href":"https:\/\/puracolombia.com\/de\/wp-json\/wp\/v2\/pages\/4979","targetHints":{"allow":["GET"]}}],"collection":[{"href":"https:\/\/puracolombia.com\/de\/wp-json\/wp\/v2\/pages"}],"about":[{"href":"https:\/\/puracolombia.com\/de\/wp-json\/wp\/v2\/types\/page"}],"author":[{"embeddable":true,"href":"https:\/\/puracolombia.com\/de\/wp-json\/wp\/v2\/users\/1"}],"replies":[{"embeddable":true,"href":"https:\/\/puracolombia.com\/de\/wp-json\/wp\/v2\/comments?post=4979"}],"version-history":[{"count":2,"href":"https:\/\/puracolombia.com\/de\/wp-json\/wp\/v2\/pages\/4979\/revisions"}],"predecessor-version":[{"id":5467,"href":"https:\/\/puracolombia.com\/de\/wp-json\/wp\/v2\/pages\/4979\/revisions\/5467"}],"wp:attachment":[{"href":"https:\/\/puracolombia.com\/de\/wp-json\/wp\/v2\/media?parent=4979"}],"curies":[{"name":"wp","href":"https:\/\/api.w.org\/{rel}","templated":true}]}}