{"id":4999,"date":"2022-02-25T15:47:15","date_gmt":"2022-02-25T15:47:15","guid":{"rendered":"https:\/\/puracolombia.com\/contact-us\/"},"modified":"2025-12-29T16:07:22","modified_gmt":"2025-12-29T16:07:22","slug":"kontakt-uns","status":"publish","type":"page","link":"https:\/\/puracolombia.com\/de\/kontakt-uns\/","title":{"rendered":"Kontakt"},"content":{"rendered":"\t\t<div data-elementor-type=\"wp-page\" data-elementor-id=\"4999\" class=\"elementor elementor-4999 elementor-694\">\n\t\t\t\t<div class=\"elementor-element elementor-element-16eea14c e-flex e-con-boxed e-con e-parent\" data-id=\"16eea14c\" data-element_type=\"container\" data-e-type=\"container\">\n\t\t\t\t\t<div class=\"e-con-inner\">\n\t\t\t\t<div class=\"elementor-element elementor-element-6033bc59 elementor-widget elementor-widget-text-editor\" data-id=\"6033bc59\" data-element_type=\"widget\" data-e-type=\"widget\" data-widget_type=\"text-editor.default\">\n\t\t\t\t<div class=\"elementor-widget-container\">\n\t\t\t\t\t\t\t\t\t\n<p><\/p>\n\n\n\n<p><\/p>\n\n\n\n\n\n<div class=\"wp-block-media-text is-stacked-on-mobile\"><figure class=\"wp-block-media-text__media\"><\/figure><div class=\"wp-block-media-text__content\">\n<p><\/p>\n<\/div><\/div>\n\n\n\n\n\n\n\n\n\t\t\t\t\t\t\t\t<\/div>\n\t\t\t\t<\/div>\n\t\t\t\t\t<\/div>\n\t\t\t\t<\/div>\n\t\t<div class=\"elementor-element elementor-element-75c764a e-flex e-con-boxed e-con e-parent\" data-id=\"75c764a\" data-element_type=\"container\" data-e-type=\"container\">\n\t\t\t\t\t<div class=\"e-con-inner\">\n\t\t<div class=\"elementor-element elementor-element-f0d72e7 e-con-full e-flex e-con e-child\" data-id=\"f0d72e7\" data-element_type=\"container\" data-e-type=\"container\" data-settings=\"{&quot;background_background&quot;:&quot;classic&quot;}\">\n\t\t\t\t<div class=\"elementor-element elementor-element-50563fa elementor-widget elementor-widget-heading\" data-id=\"50563fa\" data-element_type=\"widget\" data-e-type=\"widget\" data-widget_type=\"heading.default\">\n\t\t\t\t<div class=\"elementor-widget-container\">\n\t\t\t\t\t<h2 class=\"elementor-heading-title elementor-size-default\">Kontakt<\/h2>\t\t\t\t<\/div>\n\t\t\t\t<\/div>\n\t\t\t\t<\/div>\n\t\t\t\t\t<\/div>\n\t\t\t\t<\/div>\n\t\t<div class=\"elementor-element elementor-element-782facc e-flex e-con-boxed e-con e-parent\" data-id=\"782facc\" data-element_type=\"container\" data-e-type=\"container\">\n\t\t\t\t\t<div class=\"e-con-inner\">\n\t\t<div class=\"elementor-element elementor-element-f46f380 e-con-full e-flex e-con e-child\" data-id=\"f46f380\" data-element_type=\"container\" data-e-type=\"container\">\n\t\t\t\t<div class=\"elementor-element elementor-element-734226c elementor-widget__width-inherit elementor-widget elementor-widget-wpforms\" data-id=\"734226c\" data-element_type=\"widget\" data-e-type=\"widget\" data-widget_type=\"wpforms.default\">\n\t\t\t\t<div class=\"elementor-widget-container\">\n\t\t\t\t\t<div class=\"wpforms-container wpforms-container-full wpforms-render-modern\" id=\"wpforms-2031\"><form id=\"wpforms-form-2031\" class=\"wpforms-validate wpforms-form wpforms-ajax-form\" data-formid=\"2031\" method=\"post\" enctype=\"multipart\/form-data\" action=\"\/de\/wp-json\/wp\/v2\/pages\/4999\" data-token=\"a3425eab0b889cde86dab231f35697ec\" data-token-time=\"1778674885\"><noscript class=\"wpforms-error-noscript\">Bitte aktiviere JavaScript in deinem Browser, um dieses Formular fertigzustellen.<\/noscript><div id=\"wpforms-error-noscript\" style=\"display: none;\">Bitte aktiviere JavaScript in deinem Browser, um dieses Formular fertigzustellen.<\/div><div class=\"wpforms-field-container\"><div id=\"wpforms-2031-field_6-container\" class=\"wpforms-field wpforms-field-name\" data-field-id=\"6\"><label class=\"wpforms-field-label\" for=\"wpforms-2031-field_6\">Vor- und Nachname <span class=\"wpforms-required-label\" aria-hidden=\"true\">*<\/span><\/label><input type=\"text\" id=\"wpforms-2031-field_6\" class=\"wpforms-field-medium wpforms-field-required\" name=\"wpforms[fields][6]\" aria-errormessage=\"wpforms-2031-field_6-error\" required><\/div><div id=\"wpforms-2031-field_3-container\" class=\"wpforms-field wpforms-field-text\" data-field-id=\"3\"><label class=\"wpforms-field-label\" for=\"wpforms-2031-field_3\">Reisedaten <span class=\"wpforms-required-label\" aria-hidden=\"true\">*<\/span><\/label><input type=\"text\" id=\"wpforms-2031-field_3\" class=\"wpforms-field-medium wpforms-field-required\" name=\"wpforms[fields][3]\" aria-errormessage=\"wpforms-2031-field_3-error\" required><\/div><div id=\"wpforms-2031-field_4-container\" class=\"wpforms-field wpforms-field-text\" data-field-id=\"4\"><label class=\"wpforms-field-label\" for=\"wpforms-2031-field_4\">Anzahl Reisende <span class=\"wpforms-required-label\" aria-hidden=\"true\">*<\/span><\/label><input type=\"text\" id=\"wpforms-2031-field_4\" class=\"wpforms-field-medium wpforms-field-required\" name=\"wpforms[fields][4]\" aria-errormessage=\"wpforms-2031-field_4-error\" required><\/div><div id=\"wpforms-2031-field_5-container\" class=\"wpforms-field wpforms-field-checkbox\" data-field-id=\"5\"><fieldset><legend class=\"wpforms-field-label\">Reiseart und Interessen<\/legend><ul id=\"wpforms-2031-field_5\"><li class=\"choice-1 depth-1\"><input type=\"checkbox\" id=\"wpforms-2031-field_5_1\" name=\"wpforms[fields][5][]\" value=\"Tagesausflug\" aria-errormessage=\"wpforms-2031-field_5_1-error\"  ><label class=\"wpforms-field-label-inline\" for=\"wpforms-2031-field_5_1\">Tagesausflug<\/label><\/li><li class=\"choice-2 depth-1\"><input type=\"checkbox\" id=\"wpforms-2031-field_5_2\" name=\"wpforms[fields][5][]\" value=\"Mehrere Tage \/ Rundreise\" aria-errormessage=\"wpforms-2031-field_5_2-error\"  ><label class=\"wpforms-field-label-inline\" for=\"wpforms-2031-field_5_2\">Mehrere Tage \/ Rundreise<\/label><\/li><li class=\"choice-6 depth-1\"><input type=\"checkbox\" id=\"wpforms-2031-field_5_6\" name=\"wpforms[fields][5][]\" value=\"Koloniale D\u00f6rfer und St\u00e4dte\" aria-errormessage=\"wpforms-2031-field_5_6-error\"  ><label class=\"wpforms-field-label-inline\" for=\"wpforms-2031-field_5_6\">Koloniale D\u00f6rfer und St\u00e4dte<\/label><\/li><li class=\"choice-9 depth-1\"><input type=\"checkbox\" id=\"wpforms-2031-field_5_9\" name=\"wpforms[fields][5][]\" value=\"Regenwald\" aria-errormessage=\"wpforms-2031-field_5_9-error\"  ><label class=\"wpforms-field-label-inline\" for=\"wpforms-2031-field_5_9\">Regenwald<\/label><\/li><li class=\"choice-10 depth-1\"><input type=\"checkbox\" id=\"wpforms-2031-field_5_10\" name=\"wpforms[fields][5][]\" value=\"Inseln und Strand\" aria-errormessage=\"wpforms-2031-field_5_10-error\"  ><label class=\"wpforms-field-label-inline\" for=\"wpforms-2031-field_5_10\">Inseln und Strand<\/label><\/li><li class=\"choice-7 depth-1\"><input type=\"checkbox\" id=\"wpforms-2031-field_5_7\" name=\"wpforms[fields][5][]\" value=\"Wandern\" aria-errormessage=\"wpforms-2031-field_5_7-error\"  ><label class=\"wpforms-field-label-inline\" for=\"wpforms-2031-field_5_7\">Wandern<\/label><\/li><li class=\"choice-11 depth-1\"><input type=\"checkbox\" id=\"wpforms-2031-field_5_11\" name=\"wpforms[fields][5][]\" value=\"Reiten\" aria-errormessage=\"wpforms-2031-field_5_11-error\"  ><label class=\"wpforms-field-label-inline\" for=\"wpforms-2031-field_5_11\">Reiten<\/label><\/li><li class=\"choice-8 depth-1\"><input type=\"checkbox\" id=\"wpforms-2031-field_5_8\" name=\"wpforms[fields][5][]\" value=\"Indigene V\u00f6lker\" aria-errormessage=\"wpforms-2031-field_5_8-error\"  ><label class=\"wpforms-field-label-inline\" for=\"wpforms-2031-field_5_8\">Indigene V\u00f6lker<\/label><\/li><li class=\"choice-3 depth-1\"><input type=\"checkbox\" id=\"wpforms-2031-field_5_3\" name=\"wpforms[fields][5][]\" value=\"Tauchen\" aria-errormessage=\"wpforms-2031-field_5_3-error\"  ><label class=\"wpforms-field-label-inline\" for=\"wpforms-2031-field_5_3\">Tauchen<\/label><\/li><li class=\"choice-4 depth-1\"><input type=\"checkbox\" id=\"wpforms-2031-field_5_4\" name=\"wpforms[fields][5][]\" value=\"Wale beobachten\" aria-errormessage=\"wpforms-2031-field_5_4-error\"  ><label class=\"wpforms-field-label-inline\" for=\"wpforms-2031-field_5_4\">Wale beobachten<\/label><\/li><\/ul><\/fieldset><\/div><div id=\"wpforms-2031-field_7-container\" class=\"wpforms-field wpforms-field-checkbox\" data-field-id=\"7\"><fieldset><legend class=\"wpforms-field-label\">Regionen, die sie gerne bereisen w\u00fcrden<\/legend><ul id=\"wpforms-2031-field_7\"><li class=\"choice-1 depth-1\"><input type=\"checkbox\" id=\"wpforms-2031-field_7_1\" name=\"wpforms[fields][7][]\" value=\"Andenregion\" aria-errormessage=\"wpforms-2031-field_7_1-error\"  ><label class=\"wpforms-field-label-inline\" for=\"wpforms-2031-field_7_1\">Andenregion<\/label><\/li><li class=\"choice-2 depth-1\"><input type=\"checkbox\" id=\"wpforms-2031-field_7_2\" name=\"wpforms[fields][7][]\" value=\"Pazifik\" aria-errormessage=\"wpforms-2031-field_7_2-error\"  ><label class=\"wpforms-field-label-inline\" for=\"wpforms-2031-field_7_2\">Pazifik<\/label><\/li><li class=\"choice-3 depth-1\"><input type=\"checkbox\" id=\"wpforms-2031-field_7_3\" name=\"wpforms[fields][7][]\" value=\"Karibik\" aria-errormessage=\"wpforms-2031-field_7_3-error\"  ><label class=\"wpforms-field-label-inline\" for=\"wpforms-2031-field_7_3\">Karibik<\/label><\/li><li class=\"choice-4 depth-1\"><input type=\"checkbox\" id=\"wpforms-2031-field_7_4\" name=\"wpforms[fields][7][]\" value=\"Amazonas\" aria-errormessage=\"wpforms-2031-field_7_4-error\"  ><label class=\"wpforms-field-label-inline\" for=\"wpforms-2031-field_7_4\">Amazonas<\/label><\/li><li class=\"choice-5 depth-1\"><input type=\"checkbox\" id=\"wpforms-2031-field_7_5\" name=\"wpforms[fields][7][]\" value=\"Llanos Tiefebenen\" aria-errormessage=\"wpforms-2031-field_7_5-error\"  ><label class=\"wpforms-field-label-inline\" for=\"wpforms-2031-field_7_5\">Llanos Tiefebenen<\/label><\/li><li class=\"choice-6 depth-1\"><input type=\"checkbox\" id=\"wpforms-2031-field_7_6\" name=\"wpforms[fields][7][]\" value=\"W\u00fcste La Guajira oder Tatacoa\" aria-errormessage=\"wpforms-2031-field_7_6-error\"  ><label class=\"wpforms-field-label-inline\" for=\"wpforms-2031-field_7_6\">W\u00fcste La Guajira oder Tatacoa<\/label><\/li><\/ul><\/fieldset><\/div><div id=\"wpforms-2031-field_8-container\" class=\"wpforms-field wpforms-field-text\" data-field-id=\"8\"><label class=\"wpforms-field-label\" for=\"wpforms-2031-field_8\">Nur f\u00fcr Taucher: Zertifikation, Anzahl Tauchg\u00e4nge, Datum letzter Tauchgang<\/label><input type=\"text\" id=\"wpforms-2031-field_8\" class=\"wpforms-field-medium\" name=\"wpforms[fields][8]\" aria-errormessage=\"wpforms-2031-field_8-error\" ><\/div><div id=\"wpforms-2031-field_1-container\" class=\"wpforms-field wpforms-field-email\" data-field-id=\"1\"><label class=\"wpforms-field-label\" for=\"wpforms-2031-field_1\">Email <span class=\"wpforms-required-label\" aria-hidden=\"true\">*<\/span><\/label><input type=\"email\" id=\"wpforms-2031-field_1\" class=\"wpforms-field-medium wpforms-field-required\" name=\"wpforms[fields][1]\" spellcheck=\"false\" aria-errormessage=\"wpforms-2031-field_1-error\" required><\/div><div id=\"wpforms-2031-field_2-container\" class=\"wpforms-field wpforms-field-textarea\" data-field-id=\"2\"><label class=\"wpforms-field-label\" for=\"wpforms-2031-field_2\">Kommentar oder Nachricht<\/label><textarea id=\"wpforms-2031-field_2\" class=\"wpforms-field-medium\" name=\"wpforms[fields][2]\" aria-errormessage=\"wpforms-2031-field_2-error\" ><\/textarea><\/div><\/div><!-- .wpforms-field-container --><div class=\"wpforms-recaptcha-container wpforms-is-recaptcha wpforms-is-recaptcha-type-v2\" ><div class=\"g-recaptcha\" data-sitekey=\"6LcJIQEsAAAAAHKsA5wyo_91i376UtAze1muY0fl\"><\/div><input type=\"text\" name=\"g-recaptcha-hidden\" class=\"wpforms-recaptcha-hidden\" style=\"position:absolute!important;clip:rect(0,0,0,0)!important;height:1px!important;width:1px!important;border:0!important;overflow:hidden!important;padding:0!important;margin:0!important;\" data-rule-recaptcha=\"1\"><\/div><div class=\"wpforms-submit-container\" ><input type=\"hidden\" name=\"wpforms[id]\" value=\"2031\"><input type=\"hidden\" name=\"page_title\" value=\"\"><input type=\"hidden\" name=\"page_url\" value=\"https:\/\/puracolombia.com\/de\/wp-json\/wp\/v2\/pages\/4999\"><input type=\"hidden\" name=\"url_referer\" value=\"\"><button type=\"submit\" name=\"wpforms[submit]\" id=\"wpforms-submit-2031\" class=\"wpforms-submit\" data-alt-text=\"Sending...\" data-submit-text=\"Submit\" aria-live=\"assertive\" value=\"wpforms-submit\">Submit<\/button><img data-opt-id=1545433425  fetchpriority=\"high\" decoding=\"async\" src=\"https:\/\/mllgu4ztkaxi.i.optimole.com\/w:auto\/h:auto\/q:mauto\/f:best\/ig:avif\/https:\/\/puracolombia.com\/wp-content\/plugins\/wpforms-lite\/assets\/images\/submit-spin.svg\" class=\"wpforms-submit-spinner\" style=\"display: none;\" width=\"26\" height=\"26\" alt=\"Wird geladen\"><\/div><\/form><\/div>  <!-- .wpforms-container -->\t\t\t\t<\/div>\n\t\t\t\t<\/div>\n\t\t\t\t<\/div>\n\t\t\t\t\t<\/div>\n\t\t\t\t<\/div>\n\t\t\t\t<\/div>\n\t\t","protected":false},"excerpt":{"rendered":"<p>Kontakt Please enable JavaScript in your browser to complete this form.Please enable JavaScript in your browser to complete this form.Vor- und Nachname *Reisedaten *Anzahl Reisende * Reiseart und Interessen Tagesausflug Mehrere Tage \/ Rundreise Koloniale D\u00f6rfer und St\u00e4dte Regenwald Inseln und Strand Wandern Reiten Indigene V\u00f6lker Tauchen Wale beobachten Regionen, die sie gerne bereisen w\u00fcrden [&hellip;]<\/p>\n","protected":false},"author":1,"featured_media":0,"parent":0,"menu_order":0,"comment_status":"closed","ping_status":"closed","template":"elementor_header_footer","meta":{"_joinchat":[],"footnotes":""},"class_list":["post-4999","page","type-page","status-publish","hentry"],"featured_image_src":null,"yoast_head":"<!-- This site is optimized with the Yoast SEO plugin v27.6 - https:\/\/yoast.com\/product\/yoast-seo-wordpress\/ -->\n<title>Kontakt - Pura Colombia<\/title>\n<meta name=\"robots\" content=\"index, follow, max-snippet:-1, max-image-preview:large, max-video-preview:-1\" \/>\n<link rel=\"canonical\" href=\"https:\/\/puracolombia.com\/contact-us\/\" \/>\n<meta property=\"og:locale\" content=\"de_DE\" \/>\n<meta property=\"og:type\" content=\"article\" \/>\n<meta property=\"og:title\" content=\"Kontakt - Pura Colombia\" \/>\n<meta property=\"og:description\" content=\"Kontakt Please enable JavaScript in your browser to complete this form.Please enable JavaScript in your browser to complete this form.Vor- und Nachname *Reisedaten *Anzahl Reisende * Reiseart und Interessen Tagesausflug Mehrere Tage \/ Rundreise Koloniale D\u00f6rfer und St\u00e4dte Regenwald Inseln und Strand Wandern Reiten Indigene V\u00f6lker Tauchen Wale beobachten Regionen, die sie gerne bereisen w\u00fcrden [&hellip;]\" \/>\n<meta property=\"og:url\" content=\"https:\/\/puracolombia.com\/contact-us\/\" \/>\n<meta property=\"og:site_name\" content=\"Pura Colombia\" \/>\n<meta property=\"article:modified_time\" content=\"2025-12-29T16:07:22+00:00\" \/>\n<meta property=\"og:image\" content=\"https:\/\/mllgu4ztkaxi.i.optimole.com\/w:auto\/h:auto\/q:mauto\/f:best\/ig:avif\/https:\/\/puracolombia.com\/wp-content\/plugins\/wpforms-lite\/assets\/images\/submit-spin.svg\" \/>\n<meta name=\"twitter:card\" content=\"summary_large_image\" \/>\n<meta name=\"twitter:label1\" content=\"Gesch\u00e4tzte Lesezeit\" \/>\n\t<meta name=\"twitter:data1\" content=\"1\u00a0Minute\" \/>\n<script type=\"application\/ld+json\" class=\"yoast-schema-graph\">{\"@context\":\"https:\\\/\\\/schema.org\",\"@graph\":[{\"@type\":\"WebPage\",\"@id\":\"https:\\\/\\\/puracolombia.com\\\/contact-us\\\/\",\"url\":\"https:\\\/\\\/puracolombia.com\\\/contact-us\\\/\",\"name\":\"Kontakt - Pura Colombia\",\"isPartOf\":{\"@id\":\"https:\\\/\\\/puracolombia.com\\\/#website\"},\"primaryImageOfPage\":{\"@id\":\"https:\\\/\\\/puracolombia.com\\\/contact-us\\\/#primaryimage\"},\"image\":{\"@id\":\"https:\\\/\\\/puracolombia.com\\\/contact-us\\\/#primaryimage\"},\"thumbnailUrl\":\"https:\\/\\/puracolombia.com\\/wp-content\\/plugins\\/wpforms-lite\\/assets\\/images\\/submit-spin.svg\",\"datePublished\":\"2022-02-25T15:47:15+00:00\",\"dateModified\":\"2025-12-29T16:07:22+00:00\",\"breadcrumb\":{\"@id\":\"https:\\\/\\\/puracolombia.com\\\/contact-us\\\/#breadcrumb\"},\"inLanguage\":\"de\",\"potentialAction\":[{\"@type\":\"ReadAction\",\"target\":[\"https:\\\/\\\/puracolombia.com\\\/contact-us\\\/\"]}]},{\"@type\":\"ImageObject\",\"inLanguage\":\"de\",\"@id\":\"https:\\\/\\\/puracolombia.com\\\/contact-us\\\/#primaryimage\",\"url\":\"https:\\/\\/puracolombia.com\\/wp-content\\/plugins\\/wpforms-lite\\/assets\\/images\\/submit-spin.svg\",\"contentUrl\":\"https:\\/\\/puracolombia.com\\/wp-content\\/plugins\\/wpforms-lite\\/assets\\/images\\/submit-spin.svg\"},{\"@type\":\"BreadcrumbList\",\"@id\":\"https:\\\/\\\/puracolombia.com\\\/contact-us\\\/#breadcrumb\",\"itemListElement\":[{\"@type\":\"ListItem\",\"position\":1,\"name\":\"Home\",\"item\":\"https:\\\/\\\/puracolombia.com\\\/de\\\/\"},{\"@type\":\"ListItem\",\"position\":2,\"name\":\"Kontakt\"}]},{\"@type\":\"WebSite\",\"@id\":\"https:\\\/\\\/puracolombia.com\\\/#website\",\"url\":\"https:\\\/\\\/puracolombia.com\\\/\",\"name\":\"Pura Colombia\",\"description\":\"Mindful Travel\",\"publisher\":{\"@id\":\"https:\\\/\\\/puracolombia.com\\\/#organization\"},\"potentialAction\":[{\"@type\":\"SearchAction\",\"target\":{\"@type\":\"EntryPoint\",\"urlTemplate\":\"https:\\\/\\\/puracolombia.com\\\/?s={search_term_string}\"},\"query-input\":{\"@type\":\"PropertyValueSpecification\",\"valueRequired\":true,\"valueName\":\"search_term_string\"}}],\"inLanguage\":\"de\"},{\"@type\":\"Organization\",\"@id\":\"https:\\\/\\\/puracolombia.com\\\/#organization\",\"name\":\"Pura Colombia\",\"url\":\"https:\\\/\\\/puracolombia.com\\\/\",\"logo\":{\"@type\":\"ImageObject\",\"inLanguage\":\"de\",\"@id\":\"https:\\\/\\\/puracolombia.com\\\/#\\\/schema\\\/logo\\\/image\\\/\",\"url\":\"https:\\/\\/puracolombia.com\\/wp-content\\/uploads\\/2021\\/10\\/29228_Pura-Colombia_DP-04-e1635337798461.png\",\"contentUrl\":\"https:\\/\\/puracolombia.com\\/wp-content\\/uploads\\/2021\\/10\\/29228_Pura-Colombia_DP-04-e1635337798461.png\",\"width\":558,\"height\":346,\"caption\":\"Pura Colombia\"},\"image\":{\"@id\":\"https:\\\/\\\/puracolombia.com\\\/#\\\/schema\\\/logo\\\/image\\\/\"}}]}<\/script>\n<!-- \/ Yoast SEO plugin. -->","yoast_head_json":{"title":"Kontakt - Pura Colombia","robots":{"index":"index","follow":"follow","max-snippet":"max-snippet:-1","max-image-preview":"max-image-preview:large","max-video-preview":"max-video-preview:-1"},"canonical":"https:\/\/puracolombia.com\/contact-us\/","og_locale":"de_DE","og_type":"article","og_title":"Kontakt - Pura Colombia","og_description":"Kontakt Please enable JavaScript in your browser to complete this form.Please enable JavaScript in your browser to complete this form.Vor- und Nachname *Reisedaten *Anzahl Reisende * Reiseart und Interessen Tagesausflug Mehrere Tage \/ Rundreise Koloniale D\u00f6rfer und St\u00e4dte Regenwald Inseln und Strand Wandern Reiten Indigene V\u00f6lker Tauchen Wale beobachten Regionen, die sie gerne bereisen w\u00fcrden [&hellip;]","og_url":"https:\/\/puracolombia.com\/contact-us\/","og_site_name":"Pura Colombia","article_modified_time":"2025-12-29T16:07:22+00:00","og_image":[{"url":"https:\/\/mllgu4ztkaxi.i.optimole.com\/w:auto\/h:auto\/q:mauto\/f:best\/ig:avif\/https:\/\/puracolombia.com\/wp-content\/plugins\/wpforms-lite\/assets\/images\/submit-spin.svg","type":"","width":"","height":""}],"twitter_card":"summary_large_image","twitter_misc":{"Gesch\u00e4tzte Lesezeit":"1\u00a0Minute"},"schema":{"@context":"https:\/\/schema.org","@graph":[{"@type":"WebPage","@id":"https:\/\/puracolombia.com\/contact-us\/","url":"https:\/\/puracolombia.com\/contact-us\/","name":"Kontakt - Pura Colombia","isPartOf":{"@id":"https:\/\/puracolombia.com\/#website"},"primaryImageOfPage":{"@id":"https:\/\/puracolombia.com\/contact-us\/#primaryimage"},"image":{"@id":"https:\/\/puracolombia.com\/contact-us\/#primaryimage"},"thumbnailUrl":"https:\/\/mllgu4ztkaxi.i.optimole.com\/w:auto\/h:auto\/q:mauto\/f:best\/ig:avif\/https:\/\/puracolombia.com\/wp-content\/plugins\/wpforms-lite\/assets\/images\/submit-spin.svg","datePublished":"2022-02-25T15:47:15+00:00","dateModified":"2025-12-29T16:07:22+00:00","breadcrumb":{"@id":"https:\/\/puracolombia.com\/contact-us\/#breadcrumb"},"inLanguage":"de","potentialAction":[{"@type":"ReadAction","target":["https:\/\/puracolombia.com\/contact-us\/"]}]},{"@type":"ImageObject","inLanguage":"de","@id":"https:\/\/puracolombia.com\/contact-us\/#primaryimage","url":"https:\/\/mllgu4ztkaxi.i.optimole.com\/w:auto\/h:auto\/q:mauto\/f:best\/ig:avif\/https:\/\/puracolombia.com\/wp-content\/plugins\/wpforms-lite\/assets\/images\/submit-spin.svg","contentUrl":"https:\/\/mllgu4ztkaxi.i.optimole.com\/w:auto\/h:auto\/q:mauto\/f:best\/ig:avif\/https:\/\/puracolombia.com\/wp-content\/plugins\/wpforms-lite\/assets\/images\/submit-spin.svg"},{"@type":"BreadcrumbList","@id":"https:\/\/puracolombia.com\/contact-us\/#breadcrumb","itemListElement":[{"@type":"ListItem","position":1,"name":"Home","item":"https:\/\/puracolombia.com\/de\/"},{"@type":"ListItem","position":2,"name":"Kontakt"}]},{"@type":"WebSite","@id":"https:\/\/puracolombia.com\/#website","url":"https:\/\/puracolombia.com\/","name":"Pura Colombia","description":"Mindful Travel","publisher":{"@id":"https:\/\/puracolombia.com\/#organization"},"potentialAction":[{"@type":"SearchAction","target":{"@type":"EntryPoint","urlTemplate":"https:\/\/puracolombia.com\/?s={search_term_string}"},"query-input":{"@type":"PropertyValueSpecification","valueRequired":true,"valueName":"search_term_string"}}],"inLanguage":"de"},{"@type":"Organization","@id":"https:\/\/puracolombia.com\/#organization","name":"Pura Colombia","url":"https:\/\/puracolombia.com\/","logo":{"@type":"ImageObject","inLanguage":"de","@id":"https:\/\/puracolombia.com\/#\/schema\/logo\/image\/","url":"https:\/\/mllgu4ztkaxi.i.optimole.com\/w:auto\/h:auto\/q:mauto\/f:best\/https:\/\/puracolombia.com\/wp-content\/uploads\/2021\/10\/29228_Pura-Colombia_DP-04-e1635337798461.png","contentUrl":"https:\/\/mllgu4ztkaxi.i.optimole.com\/w:auto\/h:auto\/q:mauto\/f:best\/https:\/\/puracolombia.com\/wp-content\/uploads\/2021\/10\/29228_Pura-Colombia_DP-04-e1635337798461.png","width":558,"height":346,"caption":"Pura Colombia"},"image":{"@id":"https:\/\/puracolombia.com\/#\/schema\/logo\/image\/"}}]}},"_links":{"self":[{"href":"https:\/\/puracolombia.com\/de\/wp-json\/wp\/v2\/pages\/4999","targetHints":{"allow":["GET"]}}],"collection":[{"href":"https:\/\/puracolombia.com\/de\/wp-json\/wp\/v2\/pages"}],"about":[{"href":"https:\/\/puracolombia.com\/de\/wp-json\/wp\/v2\/types\/page"}],"author":[{"embeddable":true,"href":"https:\/\/puracolombia.com\/de\/wp-json\/wp\/v2\/users\/1"}],"replies":[{"embeddable":true,"href":"https:\/\/puracolombia.com\/de\/wp-json\/wp\/v2\/comments?post=4999"}],"version-history":[{"count":13,"href":"https:\/\/puracolombia.com\/de\/wp-json\/wp\/v2\/pages\/4999\/revisions"}],"predecessor-version":[{"id":5474,"href":"https:\/\/puracolombia.com\/de\/wp-json\/wp\/v2\/pages\/4999\/revisions\/5474"}],"wp:attachment":[{"href":"https:\/\/puracolombia.com\/de\/wp-json\/wp\/v2\/media?parent=4999"}],"curies":[{"name":"wp","href":"https:\/\/api.w.org\/{rel}","templated":true}]}}