{"id":5019,"date":"2021-10-21T07:56:35","date_gmt":"2021-10-21T07:56:35","guid":{"rendered":"https:\/\/puracolombia.com\/privacy-policy\/"},"modified":"2025-12-29T16:03:29","modified_gmt":"2025-12-29T16:03:29","slug":"datenschutzbestimmungen","status":"publish","type":"page","link":"https:\/\/puracolombia.com\/de\/datenschutzbestimmungen\/","title":{"rendered":"Datenschutzbestimmungen"},"content":{"rendered":"\n<p>Diese Datenschutzerkl\u00e4rung legt die Datenschutzpraktiken von PURA COLOMBIA MINDFUL TRAVEL offen. PURA COLOMBIA MINDFUL TRAVEL kann \u00fcber seine Website und andere Informationsplattformen personenbezogene Daten von Kunden, Mitarbeitern und Fachkr\u00e4ften aller nat\u00fcrlichen und\/oder juristischen Personen erfassen. Die erfassten Daten k\u00f6nnen verwendet werden, um potenzielle Rechtsbeziehungen mit Kunden, Anbietern oder Mitarbeitern aufzubauen und so den sozialen Zweck des Unternehmens zu f\u00f6rdern.<\/p>\n\n\n\n<p>In Bezug auf die oben genannten Bestimmungen und gem\u00e4\u00df Gesetz 1581 von 2012, Dekret 1077 von 2013 und Dekret 1074 von 2015 verf\u00fcgt PURA COLOMBIA MINDFUL TRAVEL \u00fcber eine Datenschutzrichtlinie.<\/p>\n\n\n\n<p>Verantwortlicher f\u00fcr die Verarbeitung dieser Daten ist PURA COLOMBIA MINDFUL TRAVEL, ein Unternehmen mit Sitz in Rionegro, Kolumbien, unter der Adresse: Carrera 47a, 38c 36. E-Mail:<a href=\"mailto:info@aventurecolombia.com\">info@puracolombia.com<\/a>, phone : (+57) 4 6151358.<\/p>\n\n\n\n<p>Die erhobenen personenbezogenen Daten werden wie folgt verarbeitet:<\/p>\n\n\n\n<ul class=\"wp-block-list\">\n<li>Alle Informationen in einer oder mehreren Datenbanken im am besten geeigneten Format kennen, sammeln und verarbeiten; die bereitgestellten Informationen klassifizieren, organisieren, katalogisieren, aufteilen oder trennen.<\/li>\n\n\n\n<li>\u00dcberpr\u00fcfen, best\u00e4tigen, genehmigen, suchen und vergleichen Sie die von Ihnen bereitgestellten Informationen mit allen Informationen, \u00fcber die wir rechtm\u00e4\u00dfig verf\u00fcgen.<\/li>\n\n\n\n<li>Greifen Sie auf alle gesammelten Informationen aus den Datenbanken aller Kredit-, Finanz-, Strafregister- oder rechtm\u00e4\u00dfig eingerichteten Risikobewertungszentren f\u00fcr die Sicherheitshistorie zu, besuchen Sie diese, vergleichen Sie sie und bewerten Sie sie, unabh\u00e4ngig davon, ob diese \u00f6ffentlich oder privat, national oder international sind.<\/li>\n\n\n\n<li>Analysieren, verarbeiten, bewerten oder vergleichen Sie die bereitgestellten Informationen, um die Datenverarbeitungsverordnung einzuhalten.<\/li>\n<\/ul>\n\n\n\n<p>Wenn PURA COLOMBIA MINDFUL TRAVEL die Verarbeitung personenbezogener Daten nicht selbst durchf\u00fchren kann, kann das Unternehmen die Daten zur Verarbeitung an einen Dritten weitergeben, der f\u00fcr die Verarbeitung verantwortlich ist und die rechtlichen Vertraulichkeits- und Sicherheitsbedingungen in Bezug auf die zur Verarbeitung \u00fcbergebenen Informationen gew\u00e4hrleisten muss.<\/p>\n\n\n\n<p>PURA COLOMBIA MINDFUL TRAVEL kann sensible personenbezogene Daten verwenden und verarbeiten, wenn:<\/p>\n\n\n\n<ul class=\"wp-block-list\">\n<li>Der Inhaber stimmt der Verarbeitung ausdr\u00fccklich zu, au\u00dfer in F\u00e4llen, in denen gesetzlich keine Einwilligung erforderlich ist.<\/li>\n\n\n\n<li>Die Verarbeitung erfolgt im Rahmen legitimer Aktivit\u00e4ten mit entsprechenden Garantien durch eine Stiftung, NGO, Organisation oder andere gemeinn\u00fctzige Organisation mit einem politischen, philosophischen, religi\u00f6sen oder gewerkschaftlichen Zweck. Der Zweck bezieht sich stets ausschlie\u00dflich auf Mitglieder und Personen, die aufgrund seiner Zweckm\u00e4\u00dfigkeit regelm\u00e4\u00dfig Kontakt pflegen. Gegebenenfalls k\u00f6nnen Daten ohne Einwilligung des Inhabers an Dritte weitergegeben werden.<\/li>\n\n\n\n<li>Die Verarbeitung bezieht sich auf Daten, die f\u00fcr die Beurteilung, Aus\u00fcbung oder Verteidigung eines Rechts in einem Gerichtsverfahren erforderlich sind.<\/li>\n\n\n\n<li>Die Verarbeitung dient einem historischen, statistischen oder wissenschaftlichen Zweck. Gegebenenfalls m\u00fcssen Ma\u00dfnahmen zur Geheimhaltung der Identit\u00e4t des Inhabers ergriffen werden.<\/li>\n<\/ul>\n\n\n\n<p>F\u00fcr die Verarbeitung sensibler personenbezogener Daten ist in jedem Fall eine vorherige, ausdr\u00fcckliche und informative Einwilligung des Verantwortlichen erforderlich. Diese Einwilligung muss auf jede erdenkliche Weise eingeholt werden, sofern sie sp\u00e4ter eingesehen und \u00fcberpr\u00fcft werden kann.<\/p>\n\n\n\n<p>Die in diesem Zusammenhang erhobenen personenbezogenen Daten werden f\u00fcr folgende Zwecke verwendet:<\/p>\n\n\n\n<ul class=\"wp-block-list\">\n<li>Interne Erstellung von Statistiken, Kontrolle und Nachverfolgung der Besucherzahlen auf der Webseite sowie Messung der Zufriedenheit.<\/li>\n\n\n\n<li>Marketingaktivit\u00e4ten durchf\u00fchren und f\u00fcr Produkte und Dienstleistungen des UNTERNEHMENS und strategischer Partner werben, durch Versand von Umfragen, Newslettern und E-Mails (elektronisch oder postalisch).<\/li>\n\n\n\n<li>Die Bereitstellung der von unseren Kunden erworbenen Produkte und\/oder Dienstleistungen und\/oder die Erf\u00fcllung der damit verbundenen Verpflichtungen. Beispielsweise die Information der verschiedenen Anbieter von touristischen Aktivit\u00e4ten \u00fcber spezifische Themen im Zusammenhang mit den Bedingungen und Reiserouten der jeweiligen Aktivit\u00e4t und\/oder \u00fcber Hygienevorschriften, Medikamente, Ern\u00e4hrung und\/oder sonstige Informationen f\u00fcr die Teilnehmer der direkt oder indirekt vom Unternehmen durchgef\u00fchrten touristischen Aktivit\u00e4t. Bei Bedarf w\u00e4hrend der Bereitstellung der Dienstleistung die Kommunikation mit dem Notfallkontakt.<\/li>\n\n\n\n<li>Erf\u00fcllung gesetzlicher, regulatorischer oder vertraglicher Verpflichtungen, die unabh\u00e4ngig von verschiedenen Rechtsbeziehungen mit dem Inhaber der personenbezogenen Daten (Kunden, Anbieter, Mitarbeiter) bestehen.<\/li>\n<\/ul>\n\n\n\n<p>Inhaber personenbezogener Daten haben folgende Rechte:<\/p>\n\n\n\n<ul class=\"wp-block-list\">\n<li>Sie haben das Recht, personenbezogene Daten bei der f\u00fcr die Verarbeitung Verantwortlichen zu erfahren, zu aktualisieren und zu berichtigen oder nach einer Daten\u00fcbermittlung Ihr Recht gegen\u00fcber dem Empf\u00e4nger geltend zu machen. Dieses Recht kann f\u00fcr Daten geltend gemacht werden, die u.\u00a0a. unvollst\u00e4ndig, unrichtig, unvollst\u00e4ndig, fragmentarisch oder irref\u00fchrend sind oder deren Verarbeitung ausdr\u00fccklich verboten oder unzul\u00e4ssig war.<\/li>\n\n\n\n<li>Fordern Sie einen Nachweis der dem Verantwortlichen f\u00fcr die Verarbeitung erteilten Einwilligung an, sofern diese nicht ausdr\u00fccklich als Voraussetzung f\u00fcr die Verarbeitung vereinbart wurde.<\/li>\n\n\n\n<li>Sie k\u00f6nnen auf vorherige Anfrage \u00fcber die Verarbeitung entsprechend der Verwendung Ihrer personenbezogenen Daten informiert werden.<\/li>\n\n\n\n<li>Sie k\u00f6nnen bei der zust\u00e4ndigen Aufsichtsbeh\u00f6rde Beschwerde \u00fcber einen Versto\u00df gegen den Datenschutz einreichen.<\/li>\n\n\n\n<li>Sie k\u00f6nnen die Einwilligung widerrufen und\/oder die L\u00f6schung Ihrer personenbezogenen Daten verlangen, wenn die Verarbeitung gegen verfassungsm\u00e4\u00dfige und rechtliche Grunds\u00e4tze, Rechte und Garantien verst\u00f6\u00dft.<\/li>\n\n\n\n<li>Sie k\u00f6nnen frei auf personenbezogene Daten zugreifen, die in Bearbeitung sind.<\/li>\n\n\n\n<li>Sie k\u00f6nnen Aufbewahrungs- und L\u00f6schfristen f\u00fcr die Informationen anfordern und Ihre Daten aktualisieren.\u00a0<\/li>\n<\/ul>\n\n\n\n<p>Im Auftrag des Unternehmens verarbeiten wir die von Ihnen bereitgestellten Informationen, um Ihnen per Newsletter Informationen zu unseren Produkten und Dienstleistungen zu senden und Sie im Rahmen Ihrer Kolumbienreise per E-Mail oder Telefon zu kontaktieren. Die bereitgestellten Daten werden gespeichert, solange Sie nicht die Einstellung der Aktivit\u00e4t beantragen. Eine Weitergabe an Dritte erfolgt nicht, es sei denn, es besteht eine gesetzliche Verpflichtung. Sie haben das Recht, eine Best\u00e4tigung dar\u00fcber zu erhalten, dass Aventure Colombia S.A.S. Ihre personenbezogenen Daten verarbeitet. Sie haben somit das Recht auf Zugriff auf Ihre personenbezogenen Daten, die Berichtigung unrichtiger Daten oder die L\u00f6schung dieser Daten, wenn diese f\u00fcr den Zweck, f\u00fcr den sie urspr\u00fcnglich erhoben wurden, nicht mehr erforderlich sind.<\/p>\n\n\n\n<p>F\u00fcr weitere Informationen, Beschwerden, Aktualisierungen oder Datenentfernungsanfragen k\u00f6nnen Sie uns eine E-Mail an Carrera 47a, 38c 36 oder eine E-Mail an senden\u00a0<a href=\"mailto:info@aventurecolombia.com\">info@puracolombia.com<\/a>.<\/p>\n\n\n\n<h3 class=\"wp-block-heading\"><strong>Gegen Kinderpornografie und Sextourismus<\/strong><\/h3>\n\n\n\n<p>In \u00dcbereinstimmung mit dem kolumbianischen Gesetz Nr. 679\/2001 des Kongresses der Republik, das Bestimmungen zur Verh\u00fctung und Bek\u00e4mpfung von Kindesausbeutung, Pornografie und Sextourismus erl\u00e4sst.<\/p>\n\n\n\n<p>Gem\u00e4\u00df diesem Gesetz muss jeder die Ausbeutung, das Hosting, die Nutzung, die Ver\u00f6ffentlichung und die Verbreitung von Bildern, Textdokumenten und Bilddateien, den Missbrauch des globalen Informationsnetzes oder die Erstellung von Links jeglicher Art zu pornografischem Material oder Material im Zusammenhang mit sexuellen Aktivit\u00e4ten mit Minderj\u00e4hrigen verhindern, blockieren, bek\u00e4mpfen und anprangern.<\/p>\n\n\n\n<p>Sexuelle Ausbeutung und sexueller Missbrauch von Minderj\u00e4hrigen werden gem\u00e4\u00df den Bestimmungen des Gesetzes Nr. 679\/2001 mit Freiheitsstrafe geahndet.<\/p>\n\n\n\n<p>PURA COLOMBIA MINDFUL TRAVEL setzt sich f\u00fcr den Kampf gegen Sextourismus in all seinen Formen ein.<\/p>\n\n\n\n<h3 class=\"wp-block-heading\">Nationales Tourismusregister<\/h3>\n\n\n\n<p>Rionegro:  <a href=\"https:\/\/puracolombia.com\/wp-content\/uploads\/2023\/06\/2023-Registro-Nacional-de-turismo-Pura-Colombia.pdf\">https:\/\/puracolombia.com\/wp-content\/uploads\/2023\/06\/2023-Registro-Nacional-de-turismo-Pura-Colombia.pdf<\/a><\/p>\n","protected":false},"excerpt":{"rendered":"<p>Diese Datenschutzerkl\u00e4rung legt die Datenschutzpraktiken von PURA COLOMBIA MINDFUL TRAVEL offen. PURA COLOMBIA MINDFUL TRAVEL kann \u00fcber seine Website und andere Informationsplattformen personenbezogene Daten von Kunden, Mitarbeitern und Fachkr\u00e4ften aller nat\u00fcrlichen und\/oder juristischen Personen erfassen. Die erfassten Daten k\u00f6nnen verwendet werden, um potenzielle Rechtsbeziehungen mit Kunden, Anbietern oder Mitarbeitern aufzubauen und so den sozialen Zweck [&hellip;]<\/p>\n","protected":false},"author":1,"featured_media":0,"parent":0,"menu_order":0,"comment_status":"closed","ping_status":"open","template":"","meta":{"_joinchat":[],"footnotes":""},"class_list":["post-5019","page","type-page","status-publish","hentry"],"featured_image_src":null,"yoast_head":"<!-- This site is optimized with the Yoast SEO plugin v27.6 - https:\/\/yoast.com\/product\/yoast-seo-wordpress\/ -->\n<title>Datenschutzbestimmungen - Pura Colombia<\/title>\n<meta name=\"robots\" content=\"index, follow, max-snippet:-1, max-image-preview:large, max-video-preview:-1\" \/>\n<link rel=\"canonical\" href=\"https:\/\/puracolombia.com\/privacy-policy\/\" \/>\n<meta property=\"og:locale\" content=\"de_DE\" \/>\n<meta property=\"og:type\" content=\"article\" \/>\n<meta property=\"og:title\" content=\"Datenschutzbestimmungen - Pura Colombia\" \/>\n<meta property=\"og:description\" content=\"Diese Datenschutzerkl\u00e4rung legt die Datenschutzpraktiken von PURA COLOMBIA MINDFUL TRAVEL offen. PURA COLOMBIA MINDFUL TRAVEL kann \u00fcber seine Website und andere Informationsplattformen personenbezogene Daten von Kunden, Mitarbeitern und Fachkr\u00e4ften aller nat\u00fcrlichen und\/oder juristischen Personen erfassen. Die erfassten Daten k\u00f6nnen verwendet werden, um potenzielle Rechtsbeziehungen mit Kunden, Anbietern oder Mitarbeitern aufzubauen und so den sozialen Zweck [&hellip;]\" \/>\n<meta property=\"og:url\" content=\"https:\/\/puracolombia.com\/privacy-policy\/\" \/>\n<meta property=\"og:site_name\" content=\"Pura Colombia\" \/>\n<meta property=\"article:modified_time\" content=\"2025-12-29T16:03:29+00:00\" \/>\n<meta name=\"twitter:card\" content=\"summary_large_image\" \/>\n<meta name=\"twitter:label1\" content=\"Gesch\u00e4tzte Lesezeit\" \/>\n\t<meta name=\"twitter:data1\" content=\"5\u00a0Minuten\" \/>\n<script type=\"application\/ld+json\" class=\"yoast-schema-graph\">{\"@context\":\"https:\\\/\\\/schema.org\",\"@graph\":[{\"@type\":\"WebPage\",\"@id\":\"https:\\\/\\\/puracolombia.com\\\/privacy-policy\\\/\",\"url\":\"https:\\\/\\\/puracolombia.com\\\/privacy-policy\\\/\",\"name\":\"Datenschutzbestimmungen - Pura Colombia\",\"isPartOf\":{\"@id\":\"https:\\\/\\\/puracolombia.com\\\/#website\"},\"datePublished\":\"2021-10-21T07:56:35+00:00\",\"dateModified\":\"2025-12-29T16:03:29+00:00\",\"breadcrumb\":{\"@id\":\"https:\\\/\\\/puracolombia.com\\\/privacy-policy\\\/#breadcrumb\"},\"inLanguage\":\"de\",\"potentialAction\":[{\"@type\":\"ReadAction\",\"target\":[\"https:\\\/\\\/puracolombia.com\\\/privacy-policy\\\/\"]}]},{\"@type\":\"BreadcrumbList\",\"@id\":\"https:\\\/\\\/puracolombia.com\\\/privacy-policy\\\/#breadcrumb\",\"itemListElement\":[{\"@type\":\"ListItem\",\"position\":1,\"name\":\"Home\",\"item\":\"https:\\\/\\\/puracolombia.com\\\/de\\\/\"},{\"@type\":\"ListItem\",\"position\":2,\"name\":\"Datenschutzbestimmungen\"}]},{\"@type\":\"WebSite\",\"@id\":\"https:\\\/\\\/puracolombia.com\\\/#website\",\"url\":\"https:\\\/\\\/puracolombia.com\\\/\",\"name\":\"Pura Colombia\",\"description\":\"Mindful Travel\",\"publisher\":{\"@id\":\"https:\\\/\\\/puracolombia.com\\\/#organization\"},\"potentialAction\":[{\"@type\":\"SearchAction\",\"target\":{\"@type\":\"EntryPoint\",\"urlTemplate\":\"https:\\\/\\\/puracolombia.com\\\/?s={search_term_string}\"},\"query-input\":{\"@type\":\"PropertyValueSpecification\",\"valueRequired\":true,\"valueName\":\"search_term_string\"}}],\"inLanguage\":\"de\"},{\"@type\":\"Organization\",\"@id\":\"https:\\\/\\\/puracolombia.com\\\/#organization\",\"name\":\"Pura Colombia\",\"url\":\"https:\\\/\\\/puracolombia.com\\\/\",\"logo\":{\"@type\":\"ImageObject\",\"inLanguage\":\"de\",\"@id\":\"https:\\\/\\\/puracolombia.com\\\/#\\\/schema\\\/logo\\\/image\\\/\",\"url\":\"https:\\/\\/puracolombia.com\\/wp-content\\/uploads\\/2021\\/10\\/29228_Pura-Colombia_DP-04-e1635337798461.png\",\"contentUrl\":\"https:\\/\\/puracolombia.com\\/wp-content\\/uploads\\/2021\\/10\\/29228_Pura-Colombia_DP-04-e1635337798461.png\",\"width\":558,\"height\":346,\"caption\":\"Pura Colombia\"},\"image\":{\"@id\":\"https:\\\/\\\/puracolombia.com\\\/#\\\/schema\\\/logo\\\/image\\\/\"}}]}<\/script>\n<!-- \/ Yoast SEO plugin. -->","yoast_head_json":{"title":"Datenschutzbestimmungen - Pura Colombia","robots":{"index":"index","follow":"follow","max-snippet":"max-snippet:-1","max-image-preview":"max-image-preview:large","max-video-preview":"max-video-preview:-1"},"canonical":"https:\/\/puracolombia.com\/privacy-policy\/","og_locale":"de_DE","og_type":"article","og_title":"Datenschutzbestimmungen - Pura Colombia","og_description":"Diese Datenschutzerkl\u00e4rung legt die Datenschutzpraktiken von PURA COLOMBIA MINDFUL TRAVEL offen. PURA COLOMBIA MINDFUL TRAVEL kann \u00fcber seine Website und andere Informationsplattformen personenbezogene Daten von Kunden, Mitarbeitern und Fachkr\u00e4ften aller nat\u00fcrlichen und\/oder juristischen Personen erfassen. Die erfassten Daten k\u00f6nnen verwendet werden, um potenzielle Rechtsbeziehungen mit Kunden, Anbietern oder Mitarbeitern aufzubauen und so den sozialen Zweck [&hellip;]","og_url":"https:\/\/puracolombia.com\/privacy-policy\/","og_site_name":"Pura Colombia","article_modified_time":"2025-12-29T16:03:29+00:00","twitter_card":"summary_large_image","twitter_misc":{"Gesch\u00e4tzte Lesezeit":"5\u00a0Minuten"},"schema":{"@context":"https:\/\/schema.org","@graph":[{"@type":"WebPage","@id":"https:\/\/puracolombia.com\/privacy-policy\/","url":"https:\/\/puracolombia.com\/privacy-policy\/","name":"Datenschutzbestimmungen - Pura Colombia","isPartOf":{"@id":"https:\/\/puracolombia.com\/#website"},"datePublished":"2021-10-21T07:56:35+00:00","dateModified":"2025-12-29T16:03:29+00:00","breadcrumb":{"@id":"https:\/\/puracolombia.com\/privacy-policy\/#breadcrumb"},"inLanguage":"de","potentialAction":[{"@type":"ReadAction","target":["https:\/\/puracolombia.com\/privacy-policy\/"]}]},{"@type":"BreadcrumbList","@id":"https:\/\/puracolombia.com\/privacy-policy\/#breadcrumb","itemListElement":[{"@type":"ListItem","position":1,"name":"Home","item":"https:\/\/puracolombia.com\/de\/"},{"@type":"ListItem","position":2,"name":"Datenschutzbestimmungen"}]},{"@type":"WebSite","@id":"https:\/\/puracolombia.com\/#website","url":"https:\/\/puracolombia.com\/","name":"Pura Colombia","description":"Mindful Travel","publisher":{"@id":"https:\/\/puracolombia.com\/#organization"},"potentialAction":[{"@type":"SearchAction","target":{"@type":"EntryPoint","urlTemplate":"https:\/\/puracolombia.com\/?s={search_term_string}"},"query-input":{"@type":"PropertyValueSpecification","valueRequired":true,"valueName":"search_term_string"}}],"inLanguage":"de"},{"@type":"Organization","@id":"https:\/\/puracolombia.com\/#organization","name":"Pura Colombia","url":"https:\/\/puracolombia.com\/","logo":{"@type":"ImageObject","inLanguage":"de","@id":"https:\/\/puracolombia.com\/#\/schema\/logo\/image\/","url":"https:\/\/mllgu4ztkaxi.i.optimole.com\/w:auto\/h:auto\/q:mauto\/f:best\/https:\/\/puracolombia.com\/wp-content\/uploads\/2021\/10\/29228_Pura-Colombia_DP-04-e1635337798461.png","contentUrl":"https:\/\/mllgu4ztkaxi.i.optimole.com\/w:auto\/h:auto\/q:mauto\/f:best\/https:\/\/puracolombia.com\/wp-content\/uploads\/2021\/10\/29228_Pura-Colombia_DP-04-e1635337798461.png","width":558,"height":346,"caption":"Pura Colombia"},"image":{"@id":"https:\/\/puracolombia.com\/#\/schema\/logo\/image\/"}}]}},"_links":{"self":[{"href":"https:\/\/puracolombia.com\/de\/wp-json\/wp\/v2\/pages\/5019","targetHints":{"allow":["GET"]}}],"collection":[{"href":"https:\/\/puracolombia.com\/de\/wp-json\/wp\/v2\/pages"}],"about":[{"href":"https:\/\/puracolombia.com\/de\/wp-json\/wp\/v2\/types\/page"}],"author":[{"embeddable":true,"href":"https:\/\/puracolombia.com\/de\/wp-json\/wp\/v2\/users\/1"}],"replies":[{"embeddable":true,"href":"https:\/\/puracolombia.com\/de\/wp-json\/wp\/v2\/comments?post=5019"}],"version-history":[{"count":2,"href":"https:\/\/puracolombia.com\/de\/wp-json\/wp\/v2\/pages\/5019\/revisions"}],"predecessor-version":[{"id":5465,"href":"https:\/\/puracolombia.com\/de\/wp-json\/wp\/v2\/pages\/5019\/revisions\/5465"}],"wp:attachment":[{"href":"https:\/\/puracolombia.com\/de\/wp-json\/wp\/v2\/media?parent=5019"}],"curies":[{"name":"wp","href":"https:\/\/api.w.org\/{rel}","templated":true}]}}