{"id":4977,"date":"2023-06-13T19:42:08","date_gmt":"2023-06-13T19:42:08","guid":{"rendered":"https:\/\/puracolombia.com\/refund_returns\/"},"modified":"2025-12-30T13:07:44","modified_gmt":"2025-12-30T13:07:44","slug":"remboursements","status":"publish","type":"page","link":"https:\/\/puracolombia.com\/fr\/remboursements\/","title":{"rendered":"Politique de remboursement et de retour"},"content":{"rendered":"\n<p><\/p>\n\n\n\n<h2 class=\"wp-block-heading\"><strong>Conditions d&rsquo;annulation<\/strong><\/h2>\n\n\n\n<p>Toute annulation doit nous \u00eatre adress\u00e9e par e-mail. La date de r\u00e9ception de l&rsquo;e-mail par PURA COLOMBIA MINDFUL TRAVEL sera prise en compte pour le calcul des frais d&rsquo;annulation.<\/p>\n\n\n\n<p>L&rsquo;annulation par le client de son inscription entra\u00eenera des frais d&rsquo;annulation selon les conditions suivantes :<\/p>\n\n\n\n<h3 class=\"wp-block-heading\"><strong>Services de voyage<\/strong><\/h3>\n\n\n\n<ul class=\"wp-block-list\">\n<li>Plus de 21 jours avant le d\u00e9but du s\u00e9jour : 30 % du montant total de la facture du voyage<\/li>\n\n\n\n<li>De 21 \u00e0 8 jours avant le d\u00e9but du s\u00e9jour : 50 % du montant total de la facture du voyage<\/li>\n\n\n\n<li>Moins de 8 jours avant le d\u00e9but du s\u00e9jour : 100 % du montant total de la facture du voyage<\/li>\n<\/ul>\n\n\n\n<p>Si l\u2019un de nos fournisseurs applique des conditions d\u2019annulation particuli\u00e8res, celles-ci seront indiqu\u00e9es dans la confirmation des prestations r\u00e9serv\u00e9es et seront strictement appliqu\u00e9es selon la politique du fournisseur.<\/p>\n\n\n\n<p>Des politiques d&rsquo;annulation sp\u00e9ciales peuvent s&rsquo;appliquer pour les groupes et seront inform\u00e9es au moment du devis ou de la confirmation.<\/p>\n\n\n\n<p>Pendant la haute saison et pour des h\u00f4tels et services sp\u00e9ciaux, nous pouvons appliquer des politiques d&rsquo;annulation sp\u00e9ciales dans certains h\u00f4tels qui seront inform\u00e9es au moment de la confirmation.<\/p>\n\n\n\n<h3 class=\"wp-block-heading\"><strong>Vols int\u00e9rieurs<\/strong><\/h3>\n\n\n\n<p>Les billets d&rsquo;avion \u00e9mis suite \u00e0 la r\u00e9servation du voyage par le client ne sont pas remboursables et seront factur\u00e9s en suppl\u00e9ment des prestations terrestres en cas d&rsquo;annulation.<\/p>\n\n\n\n<p>Aucun remboursement n&rsquo;est possible en cas d&rsquo;annulation, quelle que soit la date. En cas de changement de nom, une p\u00e9nalit\u00e9 de 50 USD par personne sera appliqu\u00e9e.<\/p>\n\n\n\n<p><strong>Conditions de remboursement<\/strong><\/p>\n\n\n\n<p>Les frais de transaction bancaire pour les remboursements sont \u00e0 la charge du client. Les remboursements seront effectu\u00e9s dans les 30 jours suivant l&rsquo;annulation et transf\u00e9r\u00e9s sur le compte bancaire du client.<\/p>\n","protected":false},"excerpt":{"rendered":"<p>Conditions d&rsquo;annulation Toute annulation doit nous \u00eatre adress\u00e9e par e-mail. La date de r\u00e9ception de l&rsquo;e-mail par PURA COLOMBIA MINDFUL TRAVEL sera prise en compte pour le calcul des frais d&rsquo;annulation. L&rsquo;annulation par le client de son inscription entra\u00eenera des frais d&rsquo;annulation selon les conditions suivantes : Services de voyage Si l\u2019un de nos fournisseurs [&hellip;]<\/p>\n","protected":false},"author":1,"featured_media":0,"parent":0,"menu_order":0,"comment_status":"closed","ping_status":"closed","template":"","meta":{"_joinchat":[],"footnotes":""},"class_list":["post-4977","page","type-page","status-publish","hentry"],"featured_image_src":null,"yoast_head":"<!-- This site is optimized with the Yoast SEO plugin v27.4 - https:\/\/yoast.com\/product\/yoast-seo-wordpress\/ -->\n<title>Politique de remboursement et de retour - Pura Colombia<\/title>\n<meta name=\"robots\" content=\"index, follow, max-snippet:-1, max-image-preview:large, max-video-preview:-1\" \/>\n<link rel=\"canonical\" href=\"https:\/\/puracolombia.com\/fr\/remboursements\/\" \/>\n<meta property=\"og:locale\" content=\"fr_FR\" \/>\n<meta property=\"og:type\" content=\"article\" \/>\n<meta property=\"og:title\" content=\"Politique de remboursement et de retour - Pura Colombia\" \/>\n<meta property=\"og:description\" content=\"Conditions d&rsquo;annulation Toute annulation doit nous \u00eatre adress\u00e9e par e-mail. La date de r\u00e9ception de l&rsquo;e-mail par PURA COLOMBIA MINDFUL TRAVEL sera prise en compte pour le calcul des frais d&rsquo;annulation. L&rsquo;annulation par le client de son inscription entra\u00eenera des frais d&rsquo;annulation selon les conditions suivantes : Services de voyage Si l\u2019un de nos fournisseurs [&hellip;]\" \/>\n<meta property=\"og:url\" content=\"https:\/\/puracolombia.com\/fr\/remboursements\/\" \/>\n<meta property=\"og:site_name\" content=\"Pura Colombia\" \/>\n<meta property=\"article:modified_time\" content=\"2025-12-30T13:07:44+00:00\" \/>\n<meta name=\"twitter:card\" content=\"summary_large_image\" \/>\n<meta name=\"twitter:label1\" content=\"Dur\u00e9e de lecture estim\u00e9e\" \/>\n\t<meta name=\"twitter:data1\" content=\"2 minutes\" \/>\n<script type=\"application\/ld+json\" class=\"yoast-schema-graph\">{\"@context\":\"https:\\\/\\\/schema.org\",\"@graph\":[{\"@type\":\"WebPage\",\"@id\":\"https:\\\/\\\/puracolombia.com\\\/fr\\\/remboursements\\\/\",\"url\":\"https:\\\/\\\/puracolombia.com\\\/fr\\\/remboursements\\\/\",\"name\":\"Politique de remboursement et de retour - Pura Colombia\",\"isPartOf\":{\"@id\":\"https:\\\/\\\/puracolombia.com\\\/#website\"},\"datePublished\":\"2023-06-13T19:42:08+00:00\",\"dateModified\":\"2025-12-30T13:07:44+00:00\",\"breadcrumb\":{\"@id\":\"https:\\\/\\\/puracolombia.com\\\/fr\\\/remboursements\\\/#breadcrumb\"},\"inLanguage\":\"fr-FR\",\"potentialAction\":[{\"@type\":\"ReadAction\",\"target\":[\"https:\\\/\\\/puracolombia.com\\\/fr\\\/remboursements\\\/\"]}]},{\"@type\":\"BreadcrumbList\",\"@id\":\"https:\\\/\\\/puracolombia.com\\\/fr\\\/remboursements\\\/#breadcrumb\",\"itemListElement\":[{\"@type\":\"ListItem\",\"position\":1,\"name\":\"Home\",\"item\":\"https:\\\/\\\/puracolombia.com\\\/fr\\\/\"},{\"@type\":\"ListItem\",\"position\":2,\"name\":\"Politique de remboursement et de retour\"}]},{\"@type\":\"WebSite\",\"@id\":\"https:\\\/\\\/puracolombia.com\\\/#website\",\"url\":\"https:\\\/\\\/puracolombia.com\\\/\",\"name\":\"Pura Colombia\",\"description\":\"Mindful Travel\",\"publisher\":{\"@id\":\"https:\\\/\\\/puracolombia.com\\\/#organization\"},\"potentialAction\":[{\"@type\":\"SearchAction\",\"target\":{\"@type\":\"EntryPoint\",\"urlTemplate\":\"https:\\\/\\\/puracolombia.com\\\/?s={search_term_string}\"},\"query-input\":{\"@type\":\"PropertyValueSpecification\",\"valueRequired\":true,\"valueName\":\"search_term_string\"}}],\"inLanguage\":\"fr-FR\"},{\"@type\":\"Organization\",\"@id\":\"https:\\\/\\\/puracolombia.com\\\/#organization\",\"name\":\"Pura Colombia\",\"url\":\"https:\\\/\\\/puracolombia.com\\\/\",\"logo\":{\"@type\":\"ImageObject\",\"inLanguage\":\"fr-FR\",\"@id\":\"https:\\\/\\\/puracolombia.com\\\/#\\\/schema\\\/logo\\\/image\\\/\",\"url\":\"https:\\/\\/puracolombia.com\\/wp-content\\/uploads\\/2021\\/10\\/29228_Pura-Colombia_DP-04-e1635337798461.png\",\"contentUrl\":\"https:\\/\\/puracolombia.com\\/wp-content\\/uploads\\/2021\\/10\\/29228_Pura-Colombia_DP-04-e1635337798461.png\",\"width\":558,\"height\":346,\"caption\":\"Pura Colombia\"},\"image\":{\"@id\":\"https:\\\/\\\/puracolombia.com\\\/#\\\/schema\\\/logo\\\/image\\\/\"}}]}<\/script>\n<!-- \/ Yoast SEO plugin. -->","yoast_head_json":{"title":"Politique de remboursement et de retour - Pura Colombia","robots":{"index":"index","follow":"follow","max-snippet":"max-snippet:-1","max-image-preview":"max-image-preview:large","max-video-preview":"max-video-preview:-1"},"canonical":"https:\/\/puracolombia.com\/fr\/remboursements\/","og_locale":"fr_FR","og_type":"article","og_title":"Politique de remboursement et de retour - Pura Colombia","og_description":"Conditions d&rsquo;annulation Toute annulation doit nous \u00eatre adress\u00e9e par e-mail. La date de r\u00e9ception de l&rsquo;e-mail par PURA COLOMBIA MINDFUL TRAVEL sera prise en compte pour le calcul des frais d&rsquo;annulation. L&rsquo;annulation par le client de son inscription entra\u00eenera des frais d&rsquo;annulation selon les conditions suivantes : Services de voyage Si l\u2019un de nos fournisseurs [&hellip;]","og_url":"https:\/\/puracolombia.com\/fr\/remboursements\/","og_site_name":"Pura Colombia","article_modified_time":"2025-12-30T13:07:44+00:00","twitter_card":"summary_large_image","twitter_misc":{"Dur\u00e9e de lecture estim\u00e9e":"2 minutes"},"schema":{"@context":"https:\/\/schema.org","@graph":[{"@type":"WebPage","@id":"https:\/\/puracolombia.com\/fr\/remboursements\/","url":"https:\/\/puracolombia.com\/fr\/remboursements\/","name":"Politique de remboursement et de retour - Pura Colombia","isPartOf":{"@id":"https:\/\/puracolombia.com\/#website"},"datePublished":"2023-06-13T19:42:08+00:00","dateModified":"2025-12-30T13:07:44+00:00","breadcrumb":{"@id":"https:\/\/puracolombia.com\/fr\/remboursements\/#breadcrumb"},"inLanguage":"fr-FR","potentialAction":[{"@type":"ReadAction","target":["https:\/\/puracolombia.com\/fr\/remboursements\/"]}]},{"@type":"BreadcrumbList","@id":"https:\/\/puracolombia.com\/fr\/remboursements\/#breadcrumb","itemListElement":[{"@type":"ListItem","position":1,"name":"Home","item":"https:\/\/puracolombia.com\/fr\/"},{"@type":"ListItem","position":2,"name":"Politique de remboursement et de retour"}]},{"@type":"WebSite","@id":"https:\/\/puracolombia.com\/#website","url":"https:\/\/puracolombia.com\/","name":"Pura Colombia","description":"Mindful Travel","publisher":{"@id":"https:\/\/puracolombia.com\/#organization"},"potentialAction":[{"@type":"SearchAction","target":{"@type":"EntryPoint","urlTemplate":"https:\/\/puracolombia.com\/?s={search_term_string}"},"query-input":{"@type":"PropertyValueSpecification","valueRequired":true,"valueName":"search_term_string"}}],"inLanguage":"fr-FR"},{"@type":"Organization","@id":"https:\/\/puracolombia.com\/#organization","name":"Pura Colombia","url":"https:\/\/puracolombia.com\/","logo":{"@type":"ImageObject","inLanguage":"fr-FR","@id":"https:\/\/puracolombia.com\/#\/schema\/logo\/image\/","url":"https:\/\/mllgu4ztkaxi.i.optimole.com\/w:auto\/h:auto\/q:mauto\/f:best\/https:\/\/puracolombia.com\/wp-content\/uploads\/2021\/10\/29228_Pura-Colombia_DP-04-e1635337798461.png","contentUrl":"https:\/\/mllgu4ztkaxi.i.optimole.com\/w:auto\/h:auto\/q:mauto\/f:best\/https:\/\/puracolombia.com\/wp-content\/uploads\/2021\/10\/29228_Pura-Colombia_DP-04-e1635337798461.png","width":558,"height":346,"caption":"Pura Colombia"},"image":{"@id":"https:\/\/puracolombia.com\/#\/schema\/logo\/image\/"}}]}},"_links":{"self":[{"href":"https:\/\/puracolombia.com\/fr\/wp-json\/wp\/v2\/pages\/4977","targetHints":{"allow":["GET"]}}],"collection":[{"href":"https:\/\/puracolombia.com\/fr\/wp-json\/wp\/v2\/pages"}],"about":[{"href":"https:\/\/puracolombia.com\/fr\/wp-json\/wp\/v2\/types\/page"}],"author":[{"embeddable":true,"href":"https:\/\/puracolombia.com\/fr\/wp-json\/wp\/v2\/users\/1"}],"replies":[{"embeddable":true,"href":"https:\/\/puracolombia.com\/fr\/wp-json\/wp\/v2\/comments?post=4977"}],"version-history":[{"count":2,"href":"https:\/\/puracolombia.com\/fr\/wp-json\/wp\/v2\/pages\/4977\/revisions"}],"predecessor-version":[{"id":5247,"href":"https:\/\/puracolombia.com\/fr\/wp-json\/wp\/v2\/pages\/4977\/revisions\/5247"}],"wp:attachment":[{"href":"https:\/\/puracolombia.com\/fr\/wp-json\/wp\/v2\/media?parent=4977"}],"curies":[{"name":"wp","href":"https:\/\/api.w.org\/{rel}","templated":true}]}}