{"id":4997,"date":"2022-02-25T15:47:15","date_gmt":"2022-02-25T15:47:15","guid":{"rendered":"https:\/\/puracolombia.com\/contact-us\/"},"modified":"2025-12-30T13:01:05","modified_gmt":"2025-12-30T13:01:05","slug":"contactez-nous","status":"publish","type":"page","link":"https:\/\/puracolombia.com\/fr\/contactez-nous\/","title":{"rendered":"Contactez-nous"},"content":{"rendered":"\t\t<div data-elementor-type=\"wp-page\" data-elementor-id=\"4997\" class=\"elementor elementor-4997 elementor-694\">\n\t\t\t\t<div class=\"elementor-element elementor-element-16eea14c e-flex e-con-boxed e-con e-parent\" data-id=\"16eea14c\" data-element_type=\"container\" data-e-type=\"container\">\n\t\t\t\t\t<div class=\"e-con-inner\">\n\t\t\t\t<div class=\"elementor-element elementor-element-6033bc59 elementor-widget elementor-widget-text-editor\" data-id=\"6033bc59\" data-element_type=\"widget\" data-e-type=\"widget\" data-widget_type=\"text-editor.default\">\n\t\t\t\t<div class=\"elementor-widget-container\">\n\t\t\t\t\t\t\t\t\t\n<p><\/p>\n\n\n\n<p><\/p>\n\n\n\n\n\n<div class=\"wp-block-media-text is-stacked-on-mobile\"><figure class=\"wp-block-media-text__media\"><\/figure><div class=\"wp-block-media-text__content\">\n<p><\/p>\n<\/div><\/div>\n\n\n\n\n\n\n\n\n\t\t\t\t\t\t\t\t<\/div>\n\t\t\t\t<\/div>\n\t\t\t\t\t<\/div>\n\t\t\t\t<\/div>\n\t\t<div class=\"elementor-element elementor-element-75c764a e-flex e-con-boxed e-con e-parent\" data-id=\"75c764a\" data-element_type=\"container\" data-e-type=\"container\">\n\t\t\t\t\t<div class=\"e-con-inner\">\n\t\t<div class=\"elementor-element elementor-element-f0d72e7 e-con-full e-flex e-con e-child\" data-id=\"f0d72e7\" data-element_type=\"container\" data-e-type=\"container\" data-settings=\"{&quot;background_background&quot;:&quot;classic&quot;}\">\n\t\t\t\t<div class=\"elementor-element elementor-element-50563fa elementor-widget elementor-widget-heading\" data-id=\"50563fa\" data-element_type=\"widget\" data-e-type=\"widget\" data-widget_type=\"heading.default\">\n\t\t\t\t<div class=\"elementor-widget-container\">\n\t\t\t\t\t<h2 class=\"elementor-heading-title elementor-size-default\">Contactez-nous<\/h2>\t\t\t\t<\/div>\n\t\t\t\t<\/div>\n\t\t\t\t<\/div>\n\t\t\t\t\t<\/div>\n\t\t\t\t<\/div>\n\t\t<div class=\"elementor-element elementor-element-782facc e-flex e-con-boxed e-con e-parent\" data-id=\"782facc\" data-element_type=\"container\" data-e-type=\"container\">\n\t\t\t\t\t<div class=\"e-con-inner\">\n\t\t<div class=\"elementor-element elementor-element-f46f380 e-con-full e-flex e-con e-child\" data-id=\"f46f380\" data-element_type=\"container\" data-e-type=\"container\">\n\t\t\t\t<div class=\"elementor-element elementor-element-734226c elementor-widget__width-inherit elementor-widget elementor-widget-wpforms\" data-id=\"734226c\" data-element_type=\"widget\" data-e-type=\"widget\" data-widget_type=\"wpforms.default\">\n\t\t\t\t<div class=\"elementor-widget-container\">\n\t\t\t\t\t<div class=\"wpforms-container wpforms-container-full wpforms-render-modern\" id=\"wpforms-2046\"><form id=\"wpforms-form-2046\" class=\"wpforms-validate wpforms-form wpforms-ajax-form\" data-formid=\"2046\" method=\"post\" enctype=\"multipart\/form-data\" action=\"\/fr\/wp-json\/wp\/v2\/pages\/4997\" data-token=\"1df353b11e90c52f157d1bf5718ff8b3\" data-token-time=\"1777060438\"><noscript class=\"wpforms-error-noscript\">Veuillez activer JavaScript dans votre navigateur pour remplir ce formulaire.<\/noscript><div id=\"wpforms-error-noscript\" style=\"display: none;\">Veuillez activer JavaScript dans votre navigateur pour remplir ce formulaire.<\/div><div class=\"wpforms-field-container\"><div id=\"wpforms-2046-field_8-container\" class=\"wpforms-field wpforms-field-name\" data-field-id=\"8\"><label class=\"wpforms-field-label\" for=\"wpforms-2046-field_8\">Pr\u00e9nom et nom <span class=\"wpforms-required-label\" aria-hidden=\"true\">*<\/span><\/label><input type=\"text\" id=\"wpforms-2046-field_8\" class=\"wpforms-field-medium wpforms-field-required\" name=\"wpforms[fields][8]\" aria-errormessage=\"wpforms-2046-field_8-error\" required><\/div><div id=\"wpforms-2046-field_3-container\" class=\"wpforms-field wpforms-field-text\" data-field-id=\"3\"><label class=\"wpforms-field-label\" for=\"wpforms-2046-field_3\">Dates de voyage <span class=\"wpforms-required-label\" aria-hidden=\"true\">*<\/span><\/label><input type=\"text\" id=\"wpforms-2046-field_3\" class=\"wpforms-field-medium wpforms-field-required\" name=\"wpforms[fields][3]\" aria-errormessage=\"wpforms-2046-field_3-error\" required><\/div><div id=\"wpforms-2046-field_4-container\" class=\"wpforms-field wpforms-field-text\" data-field-id=\"4\"><label class=\"wpforms-field-label\" for=\"wpforms-2046-field_4\">Nombre de voyageurs <span class=\"wpforms-required-label\" aria-hidden=\"true\">*<\/span><\/label><input type=\"text\" id=\"wpforms-2046-field_4\" class=\"wpforms-field-medium wpforms-field-required\" name=\"wpforms[fields][4]\" aria-errormessage=\"wpforms-2046-field_4-error\" required><\/div><div id=\"wpforms-2046-field_5-container\" class=\"wpforms-field wpforms-field-checkbox\" data-field-id=\"5\"><fieldset><legend class=\"wpforms-field-label\">Type de voyage et int\u00e9r\u00eat<\/legend><ul id=\"wpforms-2046-field_5\"><li class=\"choice-1 depth-1\"><input type=\"checkbox\" id=\"wpforms-2046-field_5_1\" name=\"wpforms[fields][5][]\" value=\"Excursion d&#039;une journ\u00e9e\" aria-errormessage=\"wpforms-2046-field_5_1-error\"  ><label class=\"wpforms-field-label-inline\" for=\"wpforms-2046-field_5_1\">Excursion d'une journ\u00e9e<\/label><\/li><li class=\"choice-2 depth-1\"><input type=\"checkbox\" id=\"wpforms-2046-field_5_2\" name=\"wpforms[fields][5][]\" value=\"Voyage de plusieurs jours\" aria-errormessage=\"wpforms-2046-field_5_2-error\"  ><label class=\"wpforms-field-label-inline\" for=\"wpforms-2046-field_5_2\">Voyage de plusieurs jours<\/label><\/li><li class=\"choice-7 depth-1\"><input type=\"checkbox\" id=\"wpforms-2046-field_5_7\" name=\"wpforms[fields][5][]\" value=\"Villes et villages coloniaux\" aria-errormessage=\"wpforms-2046-field_5_7-error\"  ><label class=\"wpforms-field-label-inline\" for=\"wpforms-2046-field_5_7\">Villes et villages coloniaux<\/label><\/li><li class=\"choice-8 depth-1\"><input type=\"checkbox\" id=\"wpforms-2046-field_5_8\" name=\"wpforms[fields][5][]\" value=\"For\u00eat tropicale\" aria-errormessage=\"wpforms-2046-field_5_8-error\"  ><label class=\"wpforms-field-label-inline\" for=\"wpforms-2046-field_5_8\">For\u00eat tropicale<\/label><\/li><li class=\"choice-9 depth-1\"><input type=\"checkbox\" id=\"wpforms-2046-field_5_9\" name=\"wpforms[fields][5][]\" value=\"Iles et plages\" aria-errormessage=\"wpforms-2046-field_5_9-error\"  ><label class=\"wpforms-field-label-inline\" for=\"wpforms-2046-field_5_9\">Iles et plages<\/label><\/li><li class=\"choice-10 depth-1\"><input type=\"checkbox\" id=\"wpforms-2046-field_5_10\" name=\"wpforms[fields][5][]\" value=\"\u00c9quitation\" aria-errormessage=\"wpforms-2046-field_5_10-error\"  ><label class=\"wpforms-field-label-inline\" for=\"wpforms-2046-field_5_10\">\u00c9quitation<\/label><\/li><li class=\"choice-5 depth-1\"><input type=\"checkbox\" id=\"wpforms-2046-field_5_5\" name=\"wpforms[fields][5][]\" value=\"Randonn\u00e9e\" aria-errormessage=\"wpforms-2046-field_5_5-error\"  ><label class=\"wpforms-field-label-inline\" for=\"wpforms-2046-field_5_5\">Randonn\u00e9e<\/label><\/li><li class=\"choice-6 depth-1\"><input type=\"checkbox\" id=\"wpforms-2046-field_5_6\" name=\"wpforms[fields][5][]\" value=\"Population Indig\u00e8nes\" aria-errormessage=\"wpforms-2046-field_5_6-error\"  ><label class=\"wpforms-field-label-inline\" for=\"wpforms-2046-field_5_6\">Population Indig\u00e8nes<\/label><\/li><li class=\"choice-3 depth-1\"><input type=\"checkbox\" id=\"wpforms-2046-field_5_3\" name=\"wpforms[fields][5][]\" value=\"Plong\u00e9e\" aria-errormessage=\"wpforms-2046-field_5_3-error\"  ><label class=\"wpforms-field-label-inline\" for=\"wpforms-2046-field_5_3\">Plong\u00e9e<\/label><\/li><li class=\"choice-4 depth-1\"><input type=\"checkbox\" id=\"wpforms-2046-field_5_4\" name=\"wpforms[fields][5][]\" value=\"Observation des baleines\" aria-errormessage=\"wpforms-2046-field_5_4-error\"  ><label class=\"wpforms-field-label-inline\" for=\"wpforms-2046-field_5_4\">Observation des baleines<\/label><\/li><\/ul><\/fieldset><\/div><div id=\"wpforms-2046-field_6-container\" class=\"wpforms-field wpforms-field-checkbox\" data-field-id=\"6\"><fieldset><legend class=\"wpforms-field-label\">R\u00e9gions \u00e0 visiter<\/legend><ul id=\"wpforms-2046-field_6\"><li class=\"choice-1 depth-1\"><input type=\"checkbox\" id=\"wpforms-2046-field_6_1\" name=\"wpforms[fields][6][]\" value=\"R\u00e9gion andine\" aria-errormessage=\"wpforms-2046-field_6_1-error\"  ><label class=\"wpforms-field-label-inline\" for=\"wpforms-2046-field_6_1\">R\u00e9gion andine<\/label><\/li><li class=\"choice-2 depth-1\"><input type=\"checkbox\" id=\"wpforms-2046-field_6_2\" name=\"wpforms[fields][6][]\" value=\"Cara\u00efbes\" aria-errormessage=\"wpforms-2046-field_6_2-error\"  ><label class=\"wpforms-field-label-inline\" for=\"wpforms-2046-field_6_2\">Cara\u00efbes<\/label><\/li><li class=\"choice-3 depth-1\"><input type=\"checkbox\" id=\"wpforms-2046-field_6_3\" name=\"wpforms[fields][6][]\" value=\"For\u00eat tropicale du Pacifique\" aria-errormessage=\"wpforms-2046-field_6_3-error\"  ><label class=\"wpforms-field-label-inline\" for=\"wpforms-2046-field_6_3\">For\u00eat tropicale du Pacifique<\/label><\/li><li class=\"choice-4 depth-1\"><input type=\"checkbox\" id=\"wpforms-2046-field_6_4\" name=\"wpforms[fields][6][]\" value=\"For\u00eat amazonienne\" aria-errormessage=\"wpforms-2046-field_6_4-error\"  ><label class=\"wpforms-field-label-inline\" for=\"wpforms-2046-field_6_4\">For\u00eat amazonienne<\/label><\/li><li class=\"choice-5 depth-1\"><input type=\"checkbox\" id=\"wpforms-2046-field_6_5\" name=\"wpforms[fields][6][]\" value=\"Llanos - Les plaines orientales\" aria-errormessage=\"wpforms-2046-field_6_5-error\"  ><label class=\"wpforms-field-label-inline\" for=\"wpforms-2046-field_6_5\">Llanos - Les plaines orientales<\/label><\/li><li class=\"choice-6 depth-1\"><input type=\"checkbox\" id=\"wpforms-2046-field_6_6\" name=\"wpforms[fields][6][]\" value=\"D\u00e9serts de La Guajira ou de Tatacoa\" aria-errormessage=\"wpforms-2046-field_6_6-error\"  ><label class=\"wpforms-field-label-inline\" for=\"wpforms-2046-field_6_6\">D\u00e9serts de La Guajira ou de Tatacoa<\/label><\/li><\/ul><\/fieldset><\/div><div id=\"wpforms-2046-field_7-container\" class=\"wpforms-field wpforms-field-text\" data-field-id=\"7\"><label class=\"wpforms-field-label\" for=\"wpforms-2046-field_7\">Seulement les plongeurs : Certification, nombre de plong\u00e9es, date de la derni\u00e8re plong\u00e9e<\/label><input type=\"text\" id=\"wpforms-2046-field_7\" class=\"wpforms-field-medium\" name=\"wpforms[fields][7]\" aria-errormessage=\"wpforms-2046-field_7-error\" ><\/div><div id=\"wpforms-2046-field_1-container\" class=\"wpforms-field wpforms-field-email\" data-field-id=\"1\"><label class=\"wpforms-field-label\" for=\"wpforms-2046-field_1\">Email <span class=\"wpforms-required-label\" aria-hidden=\"true\">*<\/span><\/label><input type=\"email\" id=\"wpforms-2046-field_1\" class=\"wpforms-field-medium wpforms-field-required\" name=\"wpforms[fields][1]\" spellcheck=\"false\" aria-errormessage=\"wpforms-2046-field_1-error\" required><\/div><div id=\"wpforms-2046-field_2-container\" class=\"wpforms-field wpforms-field-textarea\" data-field-id=\"2\"><label class=\"wpforms-field-label\" for=\"wpforms-2046-field_2\">Commentaire ou message<\/label><textarea id=\"wpforms-2046-field_2\" class=\"wpforms-field-medium\" name=\"wpforms[fields][2]\" aria-errormessage=\"wpforms-2046-field_2-error\" ><\/textarea><\/div><\/div><!-- .wpforms-field-container --><div class=\"wpforms-recaptcha-container wpforms-is-recaptcha wpforms-is-recaptcha-type-v2\" ><div class=\"g-recaptcha\" data-sitekey=\"6LcJIQEsAAAAAHKsA5wyo_91i376UtAze1muY0fl\"><\/div><input type=\"text\" name=\"g-recaptcha-hidden\" class=\"wpforms-recaptcha-hidden\" style=\"position:absolute!important;clip:rect(0,0,0,0)!important;height:1px!important;width:1px!important;border:0!important;overflow:hidden!important;padding:0!important;margin:0!important;\" data-rule-recaptcha=\"1\"><\/div><div class=\"wpforms-submit-container\" ><input type=\"hidden\" name=\"wpforms[id]\" value=\"2046\"><input type=\"hidden\" name=\"page_title\" value=\"\"><input type=\"hidden\" name=\"page_url\" value=\"https:\/\/puracolombia.com\/fr\/wp-json\/wp\/v2\/pages\/4997\"><input type=\"hidden\" name=\"url_referer\" value=\"\"><button type=\"submit\" name=\"wpforms[submit]\" id=\"wpforms-submit-2046\" class=\"wpforms-submit\" data-alt-text=\"Sending...\" data-submit-text=\"Submit\" aria-live=\"assertive\" value=\"wpforms-submit\">Submit<\/button><img data-opt-id=1545433425  fetchpriority=\"high\" decoding=\"async\" src=\"https:\/\/mllgu4ztkaxi.i.optimole.com\/w:auto\/h:auto\/q:mauto\/f:best\/ig:avif\/https:\/\/puracolombia.com\/wp-content\/plugins\/wpforms-lite\/assets\/images\/submit-spin.svg\" class=\"wpforms-submit-spinner\" style=\"display: none;\" width=\"26\" height=\"26\" alt=\"Chargement en cours\"><\/div><\/form><\/div>  <!-- .wpforms-container -->\t\t\t\t<\/div>\n\t\t\t\t<\/div>\n\t\t\t\t<\/div>\n\t\t\t\t\t<\/div>\n\t\t\t\t<\/div>\n\t\t\t\t<\/div>\n\t\t","protected":false},"excerpt":{"rendered":"<p>Contactez-nous Please enable JavaScript in your browser to complete this form.Please enable JavaScript in your browser to complete this form.Pr\u00e9nom et nom *Dates de voyage *Nombre de voyageurs * Type de voyage et int\u00e9r\u00eat Excursion d&rsquo;une journ\u00e9e Voyage de plusieurs jours Villes et villages coloniaux For\u00eat tropicale Iles et plages \u00c9quitation Randonn\u00e9e Population Indig\u00e8nes Plong\u00e9e [&hellip;]<\/p>\n","protected":false},"author":1,"featured_media":0,"parent":0,"menu_order":0,"comment_status":"closed","ping_status":"closed","template":"elementor_header_footer","meta":{"_joinchat":[],"footnotes":""},"class_list":["post-4997","page","type-page","status-publish","hentry"],"featured_image_src":null,"yoast_head":"<!-- This site is optimized with the Yoast SEO plugin v27.4 - https:\/\/yoast.com\/product\/yoast-seo-wordpress\/ -->\n<title>Contactez-nous - Pura Colombia<\/title>\n<meta name=\"robots\" content=\"index, follow, max-snippet:-1, max-image-preview:large, max-video-preview:-1\" \/>\n<link rel=\"canonical\" href=\"https:\/\/puracolombia.com\/fr\/contactez-nous\/\" \/>\n<meta property=\"og:locale\" content=\"fr_FR\" \/>\n<meta property=\"og:type\" content=\"article\" \/>\n<meta property=\"og:title\" content=\"Contactez-nous - Pura Colombia\" \/>\n<meta property=\"og:description\" content=\"Contactez-nous Please enable JavaScript in your browser to complete this form.Please enable JavaScript in your browser to complete this form.Pr\u00e9nom et nom *Dates de voyage *Nombre de voyageurs * Type de voyage et int\u00e9r\u00eat Excursion d&rsquo;une journ\u00e9e Voyage de plusieurs jours Villes et villages coloniaux For\u00eat tropicale Iles et plages \u00c9quitation Randonn\u00e9e Population Indig\u00e8nes Plong\u00e9e [&hellip;]\" \/>\n<meta property=\"og:url\" content=\"https:\/\/puracolombia.com\/fr\/contactez-nous\/\" \/>\n<meta property=\"og:site_name\" content=\"Pura Colombia\" \/>\n<meta property=\"article:modified_time\" content=\"2025-12-30T13:01:05+00:00\" \/>\n<meta property=\"og:image\" content=\"https:\/\/mllgu4ztkaxi.i.optimole.com\/w:auto\/h:auto\/q:mauto\/f:best\/ig:avif\/https:\/\/puracolombia.com\/wp-content\/plugins\/wpforms-lite\/assets\/images\/submit-spin.svg\" \/>\n<meta name=\"twitter:card\" content=\"summary_large_image\" \/>\n<meta name=\"twitter:label1\" content=\"Dur\u00e9e de lecture estim\u00e9e\" \/>\n\t<meta name=\"twitter:data1\" content=\"1 minute\" \/>\n<script type=\"application\/ld+json\" class=\"yoast-schema-graph\">{\"@context\":\"https:\\\/\\\/schema.org\",\"@graph\":[{\"@type\":\"WebPage\",\"@id\":\"https:\\\/\\\/puracolombia.com\\\/fr\\\/contactez-nous\\\/\",\"url\":\"https:\\\/\\\/puracolombia.com\\\/fr\\\/contactez-nous\\\/\",\"name\":\"Contactez-nous - Pura Colombia\",\"isPartOf\":{\"@id\":\"https:\\\/\\\/puracolombia.com\\\/#website\"},\"primaryImageOfPage\":{\"@id\":\"https:\\\/\\\/puracolombia.com\\\/fr\\\/contactez-nous\\\/#primaryimage\"},\"image\":{\"@id\":\"https:\\\/\\\/puracolombia.com\\\/fr\\\/contactez-nous\\\/#primaryimage\"},\"thumbnailUrl\":\"https:\\/\\/puracolombia.com\\/wp-content\\/plugins\\/wpforms-lite\\/assets\\/images\\/submit-spin.svg\",\"datePublished\":\"2022-02-25T15:47:15+00:00\",\"dateModified\":\"2025-12-30T13:01:05+00:00\",\"breadcrumb\":{\"@id\":\"https:\\\/\\\/puracolombia.com\\\/fr\\\/contactez-nous\\\/#breadcrumb\"},\"inLanguage\":\"fr-FR\",\"potentialAction\":[{\"@type\":\"ReadAction\",\"target\":[\"https:\\\/\\\/puracolombia.com\\\/fr\\\/contactez-nous\\\/\"]}]},{\"@type\":\"ImageObject\",\"inLanguage\":\"fr-FR\",\"@id\":\"https:\\\/\\\/puracolombia.com\\\/fr\\\/contactez-nous\\\/#primaryimage\",\"url\":\"https:\\/\\/puracolombia.com\\/wp-content\\/plugins\\/wpforms-lite\\/assets\\/images\\/submit-spin.svg\",\"contentUrl\":\"https:\\/\\/puracolombia.com\\/wp-content\\/plugins\\/wpforms-lite\\/assets\\/images\\/submit-spin.svg\"},{\"@type\":\"BreadcrumbList\",\"@id\":\"https:\\\/\\\/puracolombia.com\\\/fr\\\/contactez-nous\\\/#breadcrumb\",\"itemListElement\":[{\"@type\":\"ListItem\",\"position\":1,\"name\":\"Home\",\"item\":\"https:\\\/\\\/puracolombia.com\\\/fr\\\/\"},{\"@type\":\"ListItem\",\"position\":2,\"name\":\"Contactez-nous\"}]},{\"@type\":\"WebSite\",\"@id\":\"https:\\\/\\\/puracolombia.com\\\/#website\",\"url\":\"https:\\\/\\\/puracolombia.com\\\/\",\"name\":\"Pura Colombia\",\"description\":\"Mindful Travel\",\"publisher\":{\"@id\":\"https:\\\/\\\/puracolombia.com\\\/#organization\"},\"potentialAction\":[{\"@type\":\"SearchAction\",\"target\":{\"@type\":\"EntryPoint\",\"urlTemplate\":\"https:\\\/\\\/puracolombia.com\\\/?s={search_term_string}\"},\"query-input\":{\"@type\":\"PropertyValueSpecification\",\"valueRequired\":true,\"valueName\":\"search_term_string\"}}],\"inLanguage\":\"fr-FR\"},{\"@type\":\"Organization\",\"@id\":\"https:\\\/\\\/puracolombia.com\\\/#organization\",\"name\":\"Pura Colombia\",\"url\":\"https:\\\/\\\/puracolombia.com\\\/\",\"logo\":{\"@type\":\"ImageObject\",\"inLanguage\":\"fr-FR\",\"@id\":\"https:\\\/\\\/puracolombia.com\\\/#\\\/schema\\\/logo\\\/image\\\/\",\"url\":\"https:\\/\\/puracolombia.com\\/wp-content\\/uploads\\/2021\\/10\\/29228_Pura-Colombia_DP-04-e1635337798461.png\",\"contentUrl\":\"https:\\/\\/puracolombia.com\\/wp-content\\/uploads\\/2021\\/10\\/29228_Pura-Colombia_DP-04-e1635337798461.png\",\"width\":558,\"height\":346,\"caption\":\"Pura Colombia\"},\"image\":{\"@id\":\"https:\\\/\\\/puracolombia.com\\\/#\\\/schema\\\/logo\\\/image\\\/\"}}]}<\/script>\n<!-- \/ Yoast SEO plugin. -->","yoast_head_json":{"title":"Contactez-nous - Pura Colombia","robots":{"index":"index","follow":"follow","max-snippet":"max-snippet:-1","max-image-preview":"max-image-preview:large","max-video-preview":"max-video-preview:-1"},"canonical":"https:\/\/puracolombia.com\/fr\/contactez-nous\/","og_locale":"fr_FR","og_type":"article","og_title":"Contactez-nous - Pura Colombia","og_description":"Contactez-nous Please enable JavaScript in your browser to complete this form.Please enable JavaScript in your browser to complete this form.Pr\u00e9nom et nom *Dates de voyage *Nombre de voyageurs * Type de voyage et int\u00e9r\u00eat Excursion d&rsquo;une journ\u00e9e Voyage de plusieurs jours Villes et villages coloniaux For\u00eat tropicale Iles et plages \u00c9quitation Randonn\u00e9e Population Indig\u00e8nes Plong\u00e9e [&hellip;]","og_url":"https:\/\/puracolombia.com\/fr\/contactez-nous\/","og_site_name":"Pura Colombia","article_modified_time":"2025-12-30T13:01:05+00:00","og_image":[{"url":"https:\/\/mllgu4ztkaxi.i.optimole.com\/w:auto\/h:auto\/q:mauto\/f:best\/ig:avif\/https:\/\/puracolombia.com\/wp-content\/plugins\/wpforms-lite\/assets\/images\/submit-spin.svg","type":"","width":"","height":""}],"twitter_card":"summary_large_image","twitter_misc":{"Dur\u00e9e de lecture estim\u00e9e":"1 minute"},"schema":{"@context":"https:\/\/schema.org","@graph":[{"@type":"WebPage","@id":"https:\/\/puracolombia.com\/fr\/contactez-nous\/","url":"https:\/\/puracolombia.com\/fr\/contactez-nous\/","name":"Contactez-nous - Pura Colombia","isPartOf":{"@id":"https:\/\/puracolombia.com\/#website"},"primaryImageOfPage":{"@id":"https:\/\/puracolombia.com\/fr\/contactez-nous\/#primaryimage"},"image":{"@id":"https:\/\/puracolombia.com\/fr\/contactez-nous\/#primaryimage"},"thumbnailUrl":"https:\/\/mllgu4ztkaxi.i.optimole.com\/w:auto\/h:auto\/q:mauto\/f:best\/ig:avif\/https:\/\/puracolombia.com\/wp-content\/plugins\/wpforms-lite\/assets\/images\/submit-spin.svg","datePublished":"2022-02-25T15:47:15+00:00","dateModified":"2025-12-30T13:01:05+00:00","breadcrumb":{"@id":"https:\/\/puracolombia.com\/fr\/contactez-nous\/#breadcrumb"},"inLanguage":"fr-FR","potentialAction":[{"@type":"ReadAction","target":["https:\/\/puracolombia.com\/fr\/contactez-nous\/"]}]},{"@type":"ImageObject","inLanguage":"fr-FR","@id":"https:\/\/puracolombia.com\/fr\/contactez-nous\/#primaryimage","url":"https:\/\/mllgu4ztkaxi.i.optimole.com\/w:auto\/h:auto\/q:mauto\/f:best\/ig:avif\/https:\/\/puracolombia.com\/wp-content\/plugins\/wpforms-lite\/assets\/images\/submit-spin.svg","contentUrl":"https:\/\/mllgu4ztkaxi.i.optimole.com\/w:auto\/h:auto\/q:mauto\/f:best\/ig:avif\/https:\/\/puracolombia.com\/wp-content\/plugins\/wpforms-lite\/assets\/images\/submit-spin.svg"},{"@type":"BreadcrumbList","@id":"https:\/\/puracolombia.com\/fr\/contactez-nous\/#breadcrumb","itemListElement":[{"@type":"ListItem","position":1,"name":"Home","item":"https:\/\/puracolombia.com\/fr\/"},{"@type":"ListItem","position":2,"name":"Contactez-nous"}]},{"@type":"WebSite","@id":"https:\/\/puracolombia.com\/#website","url":"https:\/\/puracolombia.com\/","name":"Pura Colombia","description":"Mindful Travel","publisher":{"@id":"https:\/\/puracolombia.com\/#organization"},"potentialAction":[{"@type":"SearchAction","target":{"@type":"EntryPoint","urlTemplate":"https:\/\/puracolombia.com\/?s={search_term_string}"},"query-input":{"@type":"PropertyValueSpecification","valueRequired":true,"valueName":"search_term_string"}}],"inLanguage":"fr-FR"},{"@type":"Organization","@id":"https:\/\/puracolombia.com\/#organization","name":"Pura Colombia","url":"https:\/\/puracolombia.com\/","logo":{"@type":"ImageObject","inLanguage":"fr-FR","@id":"https:\/\/puracolombia.com\/#\/schema\/logo\/image\/","url":"https:\/\/mllgu4ztkaxi.i.optimole.com\/w:auto\/h:auto\/q:mauto\/f:best\/https:\/\/puracolombia.com\/wp-content\/uploads\/2021\/10\/29228_Pura-Colombia_DP-04-e1635337798461.png","contentUrl":"https:\/\/mllgu4ztkaxi.i.optimole.com\/w:auto\/h:auto\/q:mauto\/f:best\/https:\/\/puracolombia.com\/wp-content\/uploads\/2021\/10\/29228_Pura-Colombia_DP-04-e1635337798461.png","width":558,"height":346,"caption":"Pura Colombia"},"image":{"@id":"https:\/\/puracolombia.com\/#\/schema\/logo\/image\/"}}]}},"_links":{"self":[{"href":"https:\/\/puracolombia.com\/fr\/wp-json\/wp\/v2\/pages\/4997","targetHints":{"allow":["GET"]}}],"collection":[{"href":"https:\/\/puracolombia.com\/fr\/wp-json\/wp\/v2\/pages"}],"about":[{"href":"https:\/\/puracolombia.com\/fr\/wp-json\/wp\/v2\/types\/page"}],"author":[{"embeddable":true,"href":"https:\/\/puracolombia.com\/fr\/wp-json\/wp\/v2\/users\/1"}],"replies":[{"embeddable":true,"href":"https:\/\/puracolombia.com\/fr\/wp-json\/wp\/v2\/comments?post=4997"}],"version-history":[{"count":14,"href":"https:\/\/puracolombia.com\/fr\/wp-json\/wp\/v2\/pages\/4997\/revisions"}],"predecessor-version":[{"id":5193,"href":"https:\/\/puracolombia.com\/fr\/wp-json\/wp\/v2\/pages\/4997\/revisions\/5193"}],"wp:attachment":[{"href":"https:\/\/puracolombia.com\/fr\/wp-json\/wp\/v2\/media?parent=4997"}],"curies":[{"name":"wp","href":"https:\/\/api.w.org\/{rel}","templated":true}]}}