{"id":5017,"date":"2021-10-21T07:56:35","date_gmt":"2021-10-21T07:56:35","guid":{"rendered":"https:\/\/puracolombia.com\/privacy-policy\/"},"modified":"2025-12-30T13:06:10","modified_gmt":"2025-12-30T13:06:10","slug":"politique-de-confidentialite","status":"publish","type":"page","link":"https:\/\/puracolombia.com\/fr\/politique-de-confidentialite\/","title":{"rendered":"Politique de confidentialit\u00e9"},"content":{"rendered":"\n<p>La pr\u00e9sente d\u00e9claration de confidentialit\u00e9 d\u00e9crit les pratiques de PURA COLOMBIA MINDFUL TRAVEL en mati\u00e8re de confidentialit\u00e9. PURA COLOMBIA MINDFUL TRAVEL pourra collecter, via son site web et d&rsquo;autres plateformes d&rsquo;information, des informations personnelles de clients, d&#8217;employ\u00e9s ou de professionnels, personnes physiques ou morales. Les informations collect\u00e9es pourront \u00eatre utilis\u00e9es pour concr\u00e9tiser d&rsquo;\u00e9ventuelles relations juridiques avec des clients, des fournisseurs ou des employ\u00e9s, afin de d\u00e9velopper l&rsquo;objectif social de l&rsquo;entreprise.<\/p>\n\n\n\n<p>Conform\u00e9ment aux dispositions susmentionn\u00e9es et conform\u00e9ment \u00e0 la loi n\u00b0&nbsp;1581 de 2012, au d\u00e9cret n\u00b0&nbsp;1077 de 2013 et au d\u00e9cret n\u00b0&nbsp;1074 de 2015, PURA COLOMBIA MINDFUL TRAVEL dispose d&rsquo;une politique de protection des donn\u00e9es personnelles.<\/p>\n\n\n\n<p>Le responsable du traitement de ces donn\u00e9es est PURA COLOMBIA MINDFUL TRAVEL, dont le si\u00e8ge social est situ\u00e9 \u00e0 Rionegro, en Colombie, \u00e0 l&rsquo;adresse suivante&nbsp;: Carrera 47a, 38c 36. Courriel&nbsp;: info@puracolombia.com, t\u00e9l\u00e9phone&nbsp;: (+57) 4 6151358.<\/p>\n\n\n\n<p>Les donn\u00e9es personnelles collect\u00e9es seront trait\u00e9es de la mani\u00e8re suivante&nbsp;:<\/p>\n\n\n\n<ul class=\"wp-block-list\">\n<li>Conna\u00eetre, rassembler et traiter toutes les informations contenues dans une ou plusieurs bases de donn\u00e9es, dans le format le plus appropri\u00e9 ; classer, organiser, cataloguer, diviser ou s\u00e9parer les informations fournies.<\/li>\n\n\n\n<li>V\u00e9rifier, confirmer, approuver, rechercher et comparer les informations que vous avez fournies avec toutes les informations dont nous disposons l\u00e9galement.<\/li>\n\n\n\n<li>Acc\u00e9dez, visitez, comparez et \u00e9valuez toutes les informations collect\u00e9es \u00e0 partir des bases de donn\u00e9es de tout centre d\u2019\u00e9valuation des risques de cr\u00e9dit, de dossiers financiers, de casiers judiciaires ou d\u2019historique de s\u00e9curit\u00e9 l\u00e9gitimement constitu\u00e9, qu\u2019ils soient publics ou priv\u00e9s, nationaux ou internationaux.<\/li>\n\n\n\n<li>Analyser, traiter, \u00e9valuer ou comparer les informations fournies afin de respecter la r\u00e9glementation sur le traitement des donn\u00e9es.<\/li>\n<\/ul>\n\n\n\n<p>Si PURA COLOMBIA MINDFUL TRAVEL n&rsquo;est pas en mesure de r\u00e9aliser elle-m\u00eame le Traitement des donn\u00e9es personnelles, la soci\u00e9t\u00e9 peut c\u00e9der les donn\u00e9es afin qu&rsquo;elles soient trait\u00e9es par un tiers, qui sera responsable du traitement des donn\u00e9es et devra garantir les conditions l\u00e9gales de confidentialit\u00e9 et de s\u00e9curit\u00e9 concernant les informations transmises pour traitement.<\/p>\n\n\n\n<p>PURA COLOMBIA MINDFUL TRAVEL pourra utiliser et traiter des donn\u00e9es personnelles sensibles lorsque :<\/p>\n\n\n\n<ul class=\"wp-block-list\">\n<li>Le titulaire s&rsquo;y engage express\u00e9ment, sauf dans les cas o\u00f9 la loi n&rsquo;exige pas cette autorisation.<\/li>\n\n\n\n<li>Le traitement des donn\u00e9es est n\u00e9cessaire \u00e0 la pr\u00e9servation de l&rsquo;int\u00e9r\u00eat vital du Titulaire, en situation d&rsquo;incapacit\u00e9 physique et juridique. Le cas \u00e9ch\u00e9ant, les repr\u00e9sentants l\u00e9gaux devront donner leur autorisation.<\/li>\n\n\n\n<li>Le traitement est effectu\u00e9 dans le cadre d&rsquo;activit\u00e9s l\u00e9gitimes, avec les garanties appropri\u00e9es, par une fondation, une ONG, une organisation ou tout autre type d&rsquo;organisation \u00e0 but non lucratif, \u00e0 des fins politiques, philosophiques, religieuses ou syndicales, et s&rsquo;adresse exclusivement aux membres et aux personnes avec lesquelles elle entretient des contacts r\u00e9guliers. Le cas \u00e9ch\u00e9ant, les donn\u00e9es peuvent \u00eatre communiqu\u00e9es \u00e0 des tiers sans l&rsquo;autorisation du Titulaire.<\/li>\n\n\n\n<li>Le traitement concerne les donn\u00e9es n\u00e9cessaires \u00e0 l\u2019appr\u00e9ciation, \u00e0 l\u2019exercice ou \u00e0 la d\u00e9fense d\u2019un droit dans le cadre d\u2019une proc\u00e9dure judiciaire.<\/li>\n\n\n\n<li>Le traitement a une finalit\u00e9 historique, statistique ou scientifique. Le cas \u00e9ch\u00e9ant, des mesures devront \u00eatre prises pour pr\u00e9server l&rsquo;identit\u00e9 du titulaire.<\/li>\n<\/ul>\n\n\n\n<p>Dans tous les cas, concernant le traitement de donn\u00e9es personnelles sensibles, une autorisation pr\u00e9alable, explicite et informative du Titulaire est requise. Cette autorisation devra \u00eatre obtenue par tous les moyens possibles, \u00e0 condition qu&rsquo;elle puisse \u00eatre consult\u00e9e et v\u00e9rifi\u00e9e ult\u00e9rieurement.<\/p>\n\n\n\n<p>Dans ce cadre, les donn\u00e9es personnelles collect\u00e9es seront utilis\u00e9es aux fins suivantes :<\/p>\n\n\n\n<ul class=\"wp-block-list\">\n<li>R\u00e9aliser en interne des calculs de statistiques, contr\u00f4ler et suivre les indicateurs de mesure de flux sur la page web, et mesurer le niveau de satisfaction.<\/li>\n\n\n\n<li>R\u00e9aliser des activit\u00e9s de march\u00e9 et promouvoir les produits et services offerts par la SOCI\u00c9T\u00c9 et ses alli\u00e9s strat\u00e9giques, en envoyant des sondages, des newsletters et du courrier (\u00e9lectronique ou postal).<\/li>\n\n\n\n<li>Fournir les produits et\/ou ex\u00e9cuter les services acquis aupr\u00e8s de nos clients et\/ou remplir les obligations li\u00e9es \u00e0 ces services. Par exemple, informer les diff\u00e9rents op\u00e9rateurs d&rsquo;activit\u00e9s touristiques propos\u00e9es sur des sujets sp\u00e9cifiques li\u00e9s aux conditions et aux itin\u00e9raires de l&rsquo;activit\u00e9 propos\u00e9e et\/ou concernant les restrictions sanitaires, les m\u00e9dicaments, le r\u00e9gime alimentaire et\/ou toute autre information destin\u00e9e aux participants de l&rsquo;activit\u00e9 touristique, exploit\u00e9e directement ou indirectement par la Soci\u00e9t\u00e9. Si n\u00e9cessaire, pendant le d\u00e9roulement de la prestation, communiquer avec le contact d&rsquo;urgence.<\/li>\n\n\n\n<li>Accomplir des obligations l\u00e9gales, r\u00e9glementaires ou contractuelles qui se d\u00e9tachent des diff\u00e9rentes relations juridiques contract\u00e9es avec le Titulaire des donn\u00e9es personnelles (clients, prestataires, salari\u00e9s).<\/li>\n<\/ul>\n\n\n\n<p>Les d\u00e9tenteurs de donn\u00e9es personnelles auront les droits suivants :<\/p>\n\n\n\n<ul class=\"wp-block-list\">\n<li>Conna\u00eetre, mettre \u00e0 jour et rectifier les donn\u00e9es personnelles aupr\u00e8s du responsable du traitement, ou exercer ce droit aupr\u00e8s du destinataire des donn\u00e9es apr\u00e8s leur transfert. Ce droit peut \u00eatre exerc\u00e9 sur les donn\u00e9es qui sont, entre autres, partielles, inexactes, incompl\u00e8tes, fractionn\u00e9es, trompeuses ou dont le traitement a \u00e9t\u00e9 express\u00e9ment interdit.<\/li>\n\n\n\n<li>Demander une preuve de l\u2019autorisation donn\u00e9e au Responsable du Traitement, sauf si cela est convenu explicitement comme condition requise pour le Traitement.<\/li>\n\n\n\n<li>\u00catre inform\u00e9 du Traitement, avec une demande pr\u00e9alable, conform\u00e9ment \u00e0 l&rsquo;usage donn\u00e9 aux donn\u00e9es personnelles.<\/li>\n\n\n\n<li>D\u00e9poser une plainte concernant une violation du r\u00e9gime de protection des donn\u00e9es personnelles aupr\u00e8s de l&rsquo;Autorit\u00e9 de contr\u00f4le de l&rsquo;industrie et du commerce.<\/li>\n\n\n\n<li>R\u00e9voquer l&rsquo;autorisation et\/ou demander la suppression des donn\u00e9es personnelles lorsque le traitement ne respecte pas les principes, droits et garanties constitutionnels et l\u00e9gaux.<\/li>\n\n\n\n<li>Acc\u00e9dez librement aux donn\u00e9es personnelles en cours de traitement.<\/li>\n\n\n\n<li>Demander les d\u00e9lais de conservation et de suppression des informations et mettre \u00e0 jour les donn\u00e9es.<\/li>\n<\/ul>\n\n\n\n<p>Pour le compte de l&rsquo;entreprise, nous traitons les informations que vous nous fournissez afin de vous envoyer des informations relatives \u00e0 nos produits et services par newsletter et de vous contacter par e-mail ou par t\u00e9l\u00e9phone dans le cadre de votre voyage en Colombie. Les donn\u00e9es fournies seront conserv\u00e9es tant que vous ne demanderez pas la cessation de l&rsquo;activit\u00e9. Elles ne seront pas transmises \u00e0 des tiers, sauf obligation l\u00e9gale. Vous avez le droit d&rsquo;obtenir la confirmation qu&rsquo;Aventure Colombia S.A.S. traite vos donn\u00e9es personnelles et, par cons\u00e9quent, d&rsquo;acc\u00e9der \u00e0 vos donn\u00e9es personnelles, de les rectifier si elles sont inexactes ou d&rsquo;en demander la suppression lorsque ces donn\u00e9es ne sont plus n\u00e9cessaires \u00e0 la finalit\u00e9 pour laquelle elles ont \u00e9t\u00e9 initialement collect\u00e9es.<\/p>\n\n\n\n<p>Pour plus d&rsquo;informations, r\u00e9clamation, mise \u00e0 jour ou demande de suppression de donn\u00e9es, vous pouvez nous envoyer un courrier \u00e0 Carrera 47a, 38c 36 ou un e-mail \u00e0\u00a0<a href=\"mailto:info@aventurecolombia.com\">info@puracolombia.com<\/a>.<\/p>\n\n\n\n<h3 class=\"wp-block-heading\"><strong>Contre la pornographie infantile et le tourisme sexuel<\/strong><\/h3>\n\n\n\n<p>Conform\u00e9ment \u00e0 la loi colombienne num\u00e9ro 679\/2001 \u00e9mise par le Congr\u00e8s de la R\u00e9publique, qui \u00e9dicte des dispositions relatives \u00e0 la pr\u00e9vention et \u00e0 la lutte contre l&rsquo;exploitation des enfants, la pornographie et le tourisme sexuel.<\/p>\n\n\n\n<p>Conform\u00e9ment \u00e0 cette loi, chacun doit pr\u00e9venir, bloquer, combattre et d\u00e9noncer l&rsquo;exploitation, l&rsquo;h\u00e9bergement, l&rsquo;utilisation, la publication, la distribution d&rsquo;images, de documents textes et de fichiers visuels, l&rsquo;utilisation abusive du r\u00e9seau mondial d&rsquo;information ou l&rsquo;\u00e9tablissement de liens de toute nature vers des mat\u00e9riels pornographiques ou li\u00e9s \u00e0 des activit\u00e9s sexuelles avec des mineurs.<\/p>\n\n\n\n<p>L&rsquo;exploitation sexuelle et les abus sexuels sur mineurs sont passibles d&#8217;emprisonnement conform\u00e9ment aux dispositions de la loi num\u00e9ro 679\/2001.<\/p>\n\n\n\n<p>PURA COLOMBIA MINDFUL TRAVEL s&rsquo;engage \u00e0 lutter contre le tourisme sexuel sous toutes ses formes.<\/p>\n\n\n\n<h3 class=\"wp-block-heading\"><strong>Registre national du tourisme<\/strong><\/h3>\n\n\n\n<p>Rionegro:  <a href=\"https:\/\/puracolombia.com\/wp-content\/uploads\/2023\/06\/2023-Registro-Nacional-de-turismo-Pura-Colombia.pdf\">https:\/\/puracolombia.com\/wp-content\/uploads\/2023\/06\/2023-Registro-Nacional-de-turismo-Pura-Colombia.pdf<\/a><\/p>\n","protected":false},"excerpt":{"rendered":"<p>La pr\u00e9sente d\u00e9claration de confidentialit\u00e9 d\u00e9crit les pratiques de PURA COLOMBIA MINDFUL TRAVEL en mati\u00e8re de confidentialit\u00e9. PURA COLOMBIA MINDFUL TRAVEL pourra collecter, via son site web et d&rsquo;autres plateformes d&rsquo;information, des informations personnelles de clients, d&#8217;employ\u00e9s ou de professionnels, personnes physiques ou morales. Les informations collect\u00e9es pourront \u00eatre utilis\u00e9es pour concr\u00e9tiser d&rsquo;\u00e9ventuelles relations juridiques [&hellip;]<\/p>\n","protected":false},"author":1,"featured_media":0,"parent":0,"menu_order":0,"comment_status":"closed","ping_status":"open","template":"","meta":{"_joinchat":[],"footnotes":""},"class_list":["post-5017","page","type-page","status-publish","hentry"],"featured_image_src":null,"yoast_head":"<!-- This site is optimized with the Yoast SEO plugin v27.6 - https:\/\/yoast.com\/product\/yoast-seo-wordpress\/ -->\n<title>Politique de confidentialit\u00e9 - Pura Colombia<\/title>\n<meta name=\"robots\" content=\"index, follow, max-snippet:-1, max-image-preview:large, max-video-preview:-1\" \/>\n<link rel=\"canonical\" href=\"https:\/\/puracolombia.com\/fr\/politique-de-confidentialite\/\" \/>\n<meta property=\"og:locale\" content=\"fr_FR\" \/>\n<meta property=\"og:type\" content=\"article\" \/>\n<meta property=\"og:title\" content=\"Politique de confidentialit\u00e9 - Pura Colombia\" \/>\n<meta property=\"og:description\" content=\"La pr\u00e9sente d\u00e9claration de confidentialit\u00e9 d\u00e9crit les pratiques de PURA COLOMBIA MINDFUL TRAVEL en mati\u00e8re de confidentialit\u00e9. PURA COLOMBIA MINDFUL TRAVEL pourra collecter, via son site web et d&rsquo;autres plateformes d&rsquo;information, des informations personnelles de clients, d&#8217;employ\u00e9s ou de professionnels, personnes physiques ou morales. Les informations collect\u00e9es pourront \u00eatre utilis\u00e9es pour concr\u00e9tiser d&rsquo;\u00e9ventuelles relations juridiques [&hellip;]\" \/>\n<meta property=\"og:url\" content=\"https:\/\/puracolombia.com\/fr\/politique-de-confidentialite\/\" \/>\n<meta property=\"og:site_name\" content=\"Pura Colombia\" \/>\n<meta property=\"article:modified_time\" content=\"2025-12-30T13:06:10+00:00\" \/>\n<meta name=\"twitter:card\" content=\"summary_large_image\" \/>\n<meta name=\"twitter:label1\" content=\"Dur\u00e9e de lecture estim\u00e9e\" \/>\n\t<meta name=\"twitter:data1\" content=\"6 minutes\" \/>\n<script type=\"application\/ld+json\" class=\"yoast-schema-graph\">{\"@context\":\"https:\\\/\\\/schema.org\",\"@graph\":[{\"@type\":\"WebPage\",\"@id\":\"https:\\\/\\\/puracolombia.com\\\/fr\\\/politique-de-confidentialite\\\/\",\"url\":\"https:\\\/\\\/puracolombia.com\\\/fr\\\/politique-de-confidentialite\\\/\",\"name\":\"Politique de confidentialit\u00e9 - Pura Colombia\",\"isPartOf\":{\"@id\":\"https:\\\/\\\/puracolombia.com\\\/#website\"},\"datePublished\":\"2021-10-21T07:56:35+00:00\",\"dateModified\":\"2025-12-30T13:06:10+00:00\",\"breadcrumb\":{\"@id\":\"https:\\\/\\\/puracolombia.com\\\/fr\\\/politique-de-confidentialite\\\/#breadcrumb\"},\"inLanguage\":\"fr-FR\",\"potentialAction\":[{\"@type\":\"ReadAction\",\"target\":[\"https:\\\/\\\/puracolombia.com\\\/fr\\\/politique-de-confidentialite\\\/\"]}]},{\"@type\":\"BreadcrumbList\",\"@id\":\"https:\\\/\\\/puracolombia.com\\\/fr\\\/politique-de-confidentialite\\\/#breadcrumb\",\"itemListElement\":[{\"@type\":\"ListItem\",\"position\":1,\"name\":\"Home\",\"item\":\"https:\\\/\\\/puracolombia.com\\\/fr\\\/\"},{\"@type\":\"ListItem\",\"position\":2,\"name\":\"Politique de confidentialit\u00e9\"}]},{\"@type\":\"WebSite\",\"@id\":\"https:\\\/\\\/puracolombia.com\\\/#website\",\"url\":\"https:\\\/\\\/puracolombia.com\\\/\",\"name\":\"Pura Colombia\",\"description\":\"Mindful Travel\",\"publisher\":{\"@id\":\"https:\\\/\\\/puracolombia.com\\\/#organization\"},\"potentialAction\":[{\"@type\":\"SearchAction\",\"target\":{\"@type\":\"EntryPoint\",\"urlTemplate\":\"https:\\\/\\\/puracolombia.com\\\/?s={search_term_string}\"},\"query-input\":{\"@type\":\"PropertyValueSpecification\",\"valueRequired\":true,\"valueName\":\"search_term_string\"}}],\"inLanguage\":\"fr-FR\"},{\"@type\":\"Organization\",\"@id\":\"https:\\\/\\\/puracolombia.com\\\/#organization\",\"name\":\"Pura Colombia\",\"url\":\"https:\\\/\\\/puracolombia.com\\\/\",\"logo\":{\"@type\":\"ImageObject\",\"inLanguage\":\"fr-FR\",\"@id\":\"https:\\\/\\\/puracolombia.com\\\/#\\\/schema\\\/logo\\\/image\\\/\",\"url\":\"https:\\/\\/puracolombia.com\\/wp-content\\/uploads\\/2021\\/10\\/29228_Pura-Colombia_DP-04-e1635337798461.png\",\"contentUrl\":\"https:\\/\\/puracolombia.com\\/wp-content\\/uploads\\/2021\\/10\\/29228_Pura-Colombia_DP-04-e1635337798461.png\",\"width\":558,\"height\":346,\"caption\":\"Pura Colombia\"},\"image\":{\"@id\":\"https:\\\/\\\/puracolombia.com\\\/#\\\/schema\\\/logo\\\/image\\\/\"}}]}<\/script>\n<!-- \/ Yoast SEO plugin. -->","yoast_head_json":{"title":"Politique de confidentialit\u00e9 - Pura Colombia","robots":{"index":"index","follow":"follow","max-snippet":"max-snippet:-1","max-image-preview":"max-image-preview:large","max-video-preview":"max-video-preview:-1"},"canonical":"https:\/\/puracolombia.com\/fr\/politique-de-confidentialite\/","og_locale":"fr_FR","og_type":"article","og_title":"Politique de confidentialit\u00e9 - Pura Colombia","og_description":"La pr\u00e9sente d\u00e9claration de confidentialit\u00e9 d\u00e9crit les pratiques de PURA COLOMBIA MINDFUL TRAVEL en mati\u00e8re de confidentialit\u00e9. PURA COLOMBIA MINDFUL TRAVEL pourra collecter, via son site web et d&rsquo;autres plateformes d&rsquo;information, des informations personnelles de clients, d&#8217;employ\u00e9s ou de professionnels, personnes physiques ou morales. Les informations collect\u00e9es pourront \u00eatre utilis\u00e9es pour concr\u00e9tiser d&rsquo;\u00e9ventuelles relations juridiques [&hellip;]","og_url":"https:\/\/puracolombia.com\/fr\/politique-de-confidentialite\/","og_site_name":"Pura Colombia","article_modified_time":"2025-12-30T13:06:10+00:00","twitter_card":"summary_large_image","twitter_misc":{"Dur\u00e9e de lecture estim\u00e9e":"6 minutes"},"schema":{"@context":"https:\/\/schema.org","@graph":[{"@type":"WebPage","@id":"https:\/\/puracolombia.com\/fr\/politique-de-confidentialite\/","url":"https:\/\/puracolombia.com\/fr\/politique-de-confidentialite\/","name":"Politique de confidentialit\u00e9 - Pura Colombia","isPartOf":{"@id":"https:\/\/puracolombia.com\/#website"},"datePublished":"2021-10-21T07:56:35+00:00","dateModified":"2025-12-30T13:06:10+00:00","breadcrumb":{"@id":"https:\/\/puracolombia.com\/fr\/politique-de-confidentialite\/#breadcrumb"},"inLanguage":"fr-FR","potentialAction":[{"@type":"ReadAction","target":["https:\/\/puracolombia.com\/fr\/politique-de-confidentialite\/"]}]},{"@type":"BreadcrumbList","@id":"https:\/\/puracolombia.com\/fr\/politique-de-confidentialite\/#breadcrumb","itemListElement":[{"@type":"ListItem","position":1,"name":"Home","item":"https:\/\/puracolombia.com\/fr\/"},{"@type":"ListItem","position":2,"name":"Politique de confidentialit\u00e9"}]},{"@type":"WebSite","@id":"https:\/\/puracolombia.com\/#website","url":"https:\/\/puracolombia.com\/","name":"Pura Colombia","description":"Mindful Travel","publisher":{"@id":"https:\/\/puracolombia.com\/#organization"},"potentialAction":[{"@type":"SearchAction","target":{"@type":"EntryPoint","urlTemplate":"https:\/\/puracolombia.com\/?s={search_term_string}"},"query-input":{"@type":"PropertyValueSpecification","valueRequired":true,"valueName":"search_term_string"}}],"inLanguage":"fr-FR"},{"@type":"Organization","@id":"https:\/\/puracolombia.com\/#organization","name":"Pura Colombia","url":"https:\/\/puracolombia.com\/","logo":{"@type":"ImageObject","inLanguage":"fr-FR","@id":"https:\/\/puracolombia.com\/#\/schema\/logo\/image\/","url":"https:\/\/mllgu4ztkaxi.i.optimole.com\/w:auto\/h:auto\/q:mauto\/f:best\/https:\/\/puracolombia.com\/wp-content\/uploads\/2021\/10\/29228_Pura-Colombia_DP-04-e1635337798461.png","contentUrl":"https:\/\/mllgu4ztkaxi.i.optimole.com\/w:auto\/h:auto\/q:mauto\/f:best\/https:\/\/puracolombia.com\/wp-content\/uploads\/2021\/10\/29228_Pura-Colombia_DP-04-e1635337798461.png","width":558,"height":346,"caption":"Pura Colombia"},"image":{"@id":"https:\/\/puracolombia.com\/#\/schema\/logo\/image\/"}}]}},"_links":{"self":[{"href":"https:\/\/puracolombia.com\/fr\/wp-json\/wp\/v2\/pages\/5017","targetHints":{"allow":["GET"]}}],"collection":[{"href":"https:\/\/puracolombia.com\/fr\/wp-json\/wp\/v2\/pages"}],"about":[{"href":"https:\/\/puracolombia.com\/fr\/wp-json\/wp\/v2\/types\/page"}],"author":[{"embeddable":true,"href":"https:\/\/puracolombia.com\/fr\/wp-json\/wp\/v2\/users\/1"}],"replies":[{"embeddable":true,"href":"https:\/\/puracolombia.com\/fr\/wp-json\/wp\/v2\/comments?post=5017"}],"version-history":[{"count":2,"href":"https:\/\/puracolombia.com\/fr\/wp-json\/wp\/v2\/pages\/5017\/revisions"}],"predecessor-version":[{"id":5245,"href":"https:\/\/puracolombia.com\/fr\/wp-json\/wp\/v2\/pages\/5017\/revisions\/5245"}],"wp:attachment":[{"href":"https:\/\/puracolombia.com\/fr\/wp-json\/wp\/v2\/media?parent=5017"}],"curies":[{"name":"wp","href":"https:\/\/api.w.org\/{rel}","templated":true}]}}